{"id":8858,"date":"2023-10-31T05:01:36","date_gmt":"2023-10-31T05:01:36","guid":{"rendered":"https:\/\/epaytaxfree.com\/contact-us"},"modified":"2025-06-06T13:07:00","modified_gmt":"2025-06-06T13:07:00","slug":"contactanos","status":"publish","type":"page","link":"https:\/\/epaytaxfree.com\/es\/contactanos\/","title":{"rendered":"Cont\u00e1ctanos"},"content":{"rendered":"<div>\n<p>    <img decoding=\"async\" src=\"\/wp-content\/uploads\/2024\/01\/Tax-Free-contact-us-04.jpg\" alt=\"\"><\/p>\n<h2>\u00c1brete a un nuevo mundo en turismo de compras<\/h2>\n<p>Mantente conectado con epay Tax Free<\/p>\n<div>\n<p>Estamos preparados para atender tus necesidades<\/p>\n<\/div>\n<\/div>\n<h1>Nos encantar\u00eda trabajar con usted!<\/h1>\n<div>\n<p>Para obtener informaci\u00f3n sobre nuestros productos epay Tax Free, rellene el siguiente formulario con sus datos o escr\u00edbanos a <a href=\"mailto:infotaxfree@euronetworldwide.com\">infotaxfree@euronetworldwide.com<\/a><\/p>\n<\/div>\n<hr>\n<div>\n<style id=\"wpforms-css-vars-11271\">\n\t\t\t\t#wpforms-11271 {\n\t\t\t\t--wpforms-container-padding: 0px;\n--wpforms-container-border-width: 1px;\n--wpforms-container-border-radius: 3px;\n--wpforms-background-color: rgba(0, 0, 0, 0);\n--wpforms-field-size-input-height: 43px;\n--wpforms-field-size-input-spacing: 15px;\n--wpforms-field-size-font-size: 16px;\n--wpforms-field-size-line-height: 19px;\n--wpforms-field-size-padding-h: 14px;\n--wpforms-field-size-checkbox-size: 16px;\n--wpforms-field-size-sublabel-spacing: 5px;\n--wpforms-field-size-icon-size: 1;\n--wpforms-label-size-font-size: 16px;\n--wpforms-label-size-line-height: 19px;\n--wpforms-label-size-sublabel-font-size: 14px;\n--wpforms-label-size-sublabel-line-height: 17px;\n--wpforms-button-size-font-size: 17px;\n--wpforms-button-size-height: 41px;\n--wpforms-button-size-padding-h: 15px;\n--wpforms-button-size-margin-top: 10px;\n--wpforms-container-shadow-size-box-shadow: none;\n\t\t\t}\n\t\t\t<\/style><div class=\"wpforms-container wpforms-container-full wpforms-render-modern\" id=\"wpforms-11271\"><form id=\"wpforms-form-11271\" class=\"wpforms-validate wpforms-form wpforms-ajax-form\" data-formid=\"11271\" method=\"post\" enctype=\"multipart\/form-data\" action=\"\/es\/wp-json\/wp\/v2\/pages\/8858\" data-token=\"3bb687c0b8ae60b21aaefcb81f62ce62\" data-token-time=\"1776777360\"><noscript class=\"wpforms-error-noscript\">Por favor, activa JavaScript en tu navegador para completar este formulario.<\/noscript><div id=\"wpforms-error-noscript\" style=\"display: none;\">Por favor, activa JavaScript en tu navegador para completar este formulario.<\/div><div class=\"wpforms-field-container\"><div id=\"wpforms-11271-field_0-container\" class=\"wpforms-field wpforms-field-name\" data-field-id=\"0\"><fieldset><legend class=\"wpforms-field-label\">Nombre <span class=\"wpforms-required-label\" aria-hidden=\"true\">*<\/span><\/legend><div class=\"wpforms-field-row wpforms-field-medium\"><div class=\"wpforms-field-row-block wpforms-first wpforms-one-half\"><input type=\"text\" id=\"wpforms-11271-field_0\" class=\"wpforms-field-name-first wpforms-field-required\" name=\"wpforms[fields][0][first]\" aria-errormessage=\"wpforms-11271-field_0-error\" required><label for=\"wpforms-11271-field_0\" class=\"wpforms-field-sublabel after\">First<\/label><\/div><div class=\"wpforms-field-row-block wpforms-one-half\"><input type=\"text\" id=\"wpforms-11271-field_0-last\" class=\"wpforms-field-name-last wpforms-field-required\" name=\"wpforms[fields][0][last]\" aria-errormessage=\"wpforms-11271-field_0-last-error\" required><label for=\"wpforms-11271-field_0-last\" class=\"wpforms-field-sublabel after\">Last<\/label><\/div><\/div><\/fieldset><\/div><div id=\"wpforms-11271-field_1-container\" class=\"wpforms-field wpforms-field-email\" data-field-id=\"1\"><label class=\"wpforms-field-label\" for=\"wpforms-11271-field_1\">Email <span class=\"wpforms-required-label\" aria-hidden=\"true\">*<\/span><\/label><input type=\"email\" id=\"wpforms-11271-field_1\" class=\"wpforms-field-medium wpforms-field-required\" name=\"wpforms[fields][1]\" spellcheck=\"false\" aria-errormessage=\"wpforms-11271-field_1-error\" required><\/div><div id=\"wpforms-11271-field_4-container\" class=\"wpforms-field wpforms-field-number\" data-field-id=\"4\"><label class=\"wpforms-field-label\" for=\"wpforms-11271-field_4\">Tel\u00e9fono<\/label><input type=\"number\" id=\"wpforms-11271-field_4\" class=\"wpforms-field-medium\" name=\"wpforms[fields][4]\" step=\"any\" aria-errormessage=\"wpforms-11271-field_4-error\" ><\/div><div id=\"wpforms-11271-field_6-container\" class=\"wpforms-field wpforms-field-text\" data-field-id=\"6\"><label class=\"wpforms-field-label\" for=\"wpforms-11271-field_6\">C\u00f3digo de barras Tax Free  (Solo si eres turista)<\/label><input type=\"text\" id=\"wpforms-11271-field_6\" class=\"wpforms-field-medium\" name=\"wpforms[fields][6]\" aria-errormessage=\"wpforms-11271-field_6-error\" ><\/div><div id=\"wpforms-11271-field_2-container\" class=\"wpforms-field wpforms-field-textarea\" data-field-id=\"2\"><label class=\"wpforms-field-label\" for=\"wpforms-11271-field_2\">Mensaje<\/label><textarea id=\"wpforms-11271-field_2\" class=\"wpforms-field-medium\" name=\"wpforms[fields][2]\" aria-errormessage=\"wpforms-11271-field_2-error\" ><\/textarea><\/div><div id=\"wpforms-11271-field_3-container\" class=\"wpforms-field wpforms-field-checkbox\" data-field-id=\"3\"><fieldset><legend class=\"wpforms-field-label\">Eres Turista o Comerciante?<\/legend><ul id=\"wpforms-11271-field_3\"><li class=\"choice-1 depth-1\"><input type=\"checkbox\" id=\"wpforms-11271-field_3_1\" name=\"wpforms[fields][3][]\" value=\"Turista\" aria-errormessage=\"wpforms-11271-field_3_1-error\"  ><label class=\"wpforms-field-label-inline\" for=\"wpforms-11271-field_3_1\">Turista<\/label><\/li><li class=\"choice-2 depth-1\"><input type=\"checkbox\" id=\"wpforms-11271-field_3_2\" name=\"wpforms[fields][3][]\" value=\"Comerciante\" aria-errormessage=\"wpforms-11271-field_3_2-error\"  ><label class=\"wpforms-field-label-inline\" for=\"wpforms-11271-field_3_2\">Comerciante<\/label><\/li><li class=\"choice-4 depth-1\"><input type=\"checkbox\" id=\"wpforms-11271-field_3_4\" name=\"wpforms[fields][3][]\" value=\"Otro\" aria-errormessage=\"wpforms-11271-field_3_4-error\"  ><label class=\"wpforms-field-label-inline\" for=\"wpforms-11271-field_3_4\">Otro<\/label><\/li><\/ul><\/fieldset><\/div><\/div><!-- .wpforms-field-container --><div class=\"wpforms-submit-container\" ><input type=\"hidden\" name=\"wpforms[id]\" value=\"11271\"><input type=\"hidden\" name=\"page_title\" value=\"\"><input type=\"hidden\" name=\"page_url\" value=\"https:\/\/epaytaxfree.com\/es\/wp-json\/wp\/v2\/pages\/8858\"><input type=\"hidden\" name=\"url_referer\" value=\"\"><button type=\"submit\" name=\"wpforms[submit]\" id=\"wpforms-submit-11271\" class=\"wpforms-submit\" data-alt-text=\"Enviando...\" data-submit-text=\"Enviar\" aria-live=\"assertive\" value=\"wpforms-submit\">Enviar<\/button><img loading=\"lazy\" decoding=\"async\" src=\"https:\/\/epaytaxfree.com\/wp-content\/plugins\/wpforms-lite\/assets\/images\/submit-spin.svg\" class=\"wpforms-submit-spinner\" style=\"display: none;\" width=\"26\" height=\"26\" alt=\"Cargando\"><\/div><\/form><\/div>  <!-- .wpforms-container -->\n<\/div>\n<ul>\n<li>\n<h3>Espa\u00f1a<\/h3>\n<div>\n<p><strong>Headquarters<\/strong><br \/>Edificio Amura, Calle Cantabria, 2. 3\u00aa planta, 28108 Alcobendas, Madrid<br \/>T. +34 915 237 004<br \/>F. +34 915 230 338<\/p>\n<p><strong>Atenci\u00f3n al cliente:<\/strong><br \/>Mon \u2013 Fri: 08h00 \u2013 22h00<br \/>Sat \u2013 Sun: 10h00 \u2013 20h00<\/p>\n<\/div>\n<\/li>\n<li>\n<h3>Portugal<\/h3>\n<div>\n<p>Portugal &#8211; Lisboa<br \/>T. +351 214 139 169<\/p>\n<\/div>\n<\/li>\n<li>\n<h3>Irlanda<\/h3>\n<div>\n<p>Irlanda &#8211; Dubl\u00edn<br \/>T. +353 190 152 43<\/p>\n<\/div>\n<\/li>\n<li>\n<h3>B\u00e9lgica<\/h3>\n<div>\n<p>B\u00e9lgica \u2013 Bruselas<br \/>T. +32 268 103 42<\/p>\n<\/div>\n<\/li>\n<li>\n<h3>Alemania<\/h3>\n<div>\n<p>Alemania \u2013 Hamburgo<br \/>T. +49 89 2620 4320<\/p>\n<\/div>\n<\/li>\n<li>\n<h3>Francia<\/h3>\n<div>\n<p>Francia &#8211; Gennevilliers<br \/>T. +33 1 81 22 41 65<br \/>T. +33 6 09 43 24 68<\/p>\n<\/div>\n<\/li>\n<li>\n<h3>Holanda<\/h3>\n<div>\n<p>Holanda &#8211; Amsterdam<br \/>T. +31 (0)20 3690 782<\/p>\n<\/div>\n<\/li>\n<li>\n<h3>Austria<\/h3>\n<div>\n<p>Austria<br \/>T. +43 720 022 281<\/p>\n<\/div>\n<\/li>\n<\/ul>\n<p><!--more--><br \/>\n<!-- {\"type\":\"layout\",\"children\":[{\"type\":\"section\",\"props\":{\"header_transparent\":true,\"header_transparent_noplaceholder\":false,\"header_transparent_text_color\":\"dark\",\"image_position\":\"center-center\",\"padding\":\"none\",\"padding_remove_top\":false,\"style\":\"default\",\"title_breakpoint\":\"xl\",\"title_position\":\"top-left\",\"title_rotation\":\"left\",\"vertical_align\":\"\",\"width\":\"\"},\"children\":[{\"type\":\"row\",\"children\":[{\"type\":\"column\",\"props\":{\"image_position\":\"center-center\",\"position_sticky_breakpoint\":\"m\",\"width_medium\":\"1-1\"},\"children\":[{\"type\":\"slideshow\",\"props\":{\"image_loading\":true,\"image_width\":\"2560\",\"link_margin\":\"medium\",\"link_style\":\"secondary\",\"link_text\":\"Read more\",\"margin\":\"default\",\"meta_align\":\"above-title\",\"meta_color\":\"emphasis\",\"meta_element\":\"div\",\"meta_style\":\"text-meta\",\"nav\":\"dotnav\",\"nav_align\":\"center\",\"nav_breakpoint\":\"s\",\"nav_position\":\"bottom-center\",\"nav_position_margin\":\"medium\",\"overlay_animation\":\"parallax\",\"overlay_container\":\"default\",\"overlay_position\":\"center-left\",\"overlay_style\":\"overlay-default\",\"overlay_width\":\"large\",\"show_content\":true,\"show_link\":true,\"show_meta\":true,\"show_thumbnail\":true,\"show_title\":true,\"slidenav\":\"default\",\"slidenav_breakpoint\":\"m\",\"slidenav_large\":true,\"slidenav_margin\":\"large\",\"slidenav_outside_breakpoint\":\"xl\",\"slideshow_autoplay_pause\":true,\"slideshow_min_height\":\"500\",\"slideshow_ratio\":\"2560:900\",\"text_color\":\"dark\",\"thumbnav_height\":\"75\",\"thumbnav_svg_color\":\"emphasis\",\"thumbnav_width\":\"100\",\"title_element\":\"h2\",\"title_hover_style\":\"reset\",\"title_style\":\"h1\"},\"children\":[{\"type\":\"slideshow_item\",\"props\":{\"content\":\"\n\n<p>Estamos preparados para atender tus necesidades<\\\/p>\",\"image\":\"wp-content\\\/uploads\\\/2024\\\/01\\\/Tax-Free-contact-us-04.jpg\",\"item_element\":\"article\",\"meta\":\"Mantente conectado con epay Tax Free\",\"title\":\"\\u00c1brete a un nuevo mundo en turismo de compras\"}}]}]}]}],\"name\":\"Hero Featured Posts\"},{\"type\":\"section\",\"props\":{\"image_position\":\"center-center\",\"style\":\"default\",\"title_breakpoint\":\"xl\",\"title_position\":\"top-left\",\"title_rotation\":\"left\",\"vertical_align\":\"\",\"width\":\"default\"},\"children\":[{\"type\":\"row\",\"children\":[{\"type\":\"column\",\"props\":{\"image_position\":\"center-center\",\"position_sticky_breakpoint\":\"m\"},\"children\":[{\"type\":\"headline\",\"props\":{\"content\":\"Nos encantar\\u00eda trabajar con usted!\",\"title_element\":\"h1\"}},{\"type\":\"text\",\"props\":{\"column_breakpoint\":\"m\",\"content\":\"\n\n<p>Para obtener informaci\\u00f3n sobre nuestros productos epay Tax Free, rellene el siguiente formulario con sus datos o escr\\u00edbanos a <a href=\\\"mailto:infotaxfree@euronetworldwide.com\\\">infotaxfree@euronetworldwide.com<\\\/a><\\\/p>\",\"margin\":\"default\",\"text_style\":\"large\"}},{\"type\":\"divider\",\"props\":{\"divider_element\":\"hr\",\"divider_style\":\"small\"}},{\"type\":\"text\",\"props\":{\"column_breakpoint\":\"m\",\"content\":\"\n\n<p>[wpforms id=\\\"11271\\\"]<\\\/p>\",\"margin\":\"default\"}}]}]}],\"name\":\"Contact form\"},{\"name\":\"Contact per Countrie\",\"type\":\"section\",\"props\":{\"id\":\"contact\",\"image_position\":\"center-center\",\"image_size\":\"cover\",\"padding\":\"large\",\"padding_remove_top\":false,\"style\":\"muted\",\"title_breakpoint\":\"xl\",\"title_position\":\"top-left\",\"title_rotation\":\"left\",\"vertical_align\":\"\",\"width\":\"small\"},\"children\":[{\"type\":\"row\",\"props\":{\"column_gap\":\"large\",\"row_gap\":\"large\"},\"children\":[{\"type\":\"column\",\"props\":{\"image_position\":\"center-center\",\"position_sticky_breakpoint\":\"m\",\"vertical_align\":\"middle\"},\"children\":[{\"type\":\"switcher\",\"props\":{\"content_column_breakpoint\":\"m\",\"image_align\":\"top\",\"image_grid_breakpoint\":\"m\",\"image_grid_width\":\"1-2\",\"image_svg_color\":\"emphasis\",\"link_style\":\"default\",\"link_text\":\"Read more\",\"margin\":\"default\",\"meta_align\":\"below-title\",\"meta_element\":\"div\",\"meta_style\":\"text-meta\",\"nav\":\"tab\",\"nav_align\":\"left\",\"nav_grid_breakpoint\":\"m\",\"nav_grid_width\":\"auto\",\"nav_position\":\"top\",\"show_content\":true,\"show_image\":true,\"show_label\":true,\"show_link\":true,\"show_meta\":true,\"show_thumbnail\":true,\"show_title\":true,\"switcher_animation\":\"fade\",\"switcher_height\":true,\"thumbnav_height\":\"75\",\"thumbnav_svg_color\":\"emphasis\",\"thumbnav_width\":\"100\",\"title_align\":\"top\",\"title_element\":\"h3\",\"title_grid_breakpoint\":\"m\",\"title_grid_width\":\"1-2\"},\"children\":[{\"type\":\"switcher_item\",\"props\":{\"content\":\"\n\n<p><strong>Headquarters<\\\/strong><br \\\/>Edificio Amura, Calle Cantabria, 2. 3\\u00aa planta, 28108 Alcobendas, Madrid<br \\\/>T. +34 915 237 004<br \\\/>F. +34 915 230 338<\\\/p>\\n\n\n<p><strong>Atenci\\u00f3n al cliente:<\\\/strong><br \\\/>Mon \\u2013 Fri: 08h00 \\u2013 22h00<br \\\/>Sat \\u2013 Sun: 10h00 \\u2013 20h00<\\\/p>\",\"title\":\"Espa\\u00f1a\"}},{\"type\":\"switcher_item\",\"props\":{\"content\":\"\n\n<p>Portugal - Lisboa<br \\\/>T. +351 214 139 169<\\\/p>\",\"title\":\"Portugal\"}},{\"type\":\"switcher_item\",\"props\":{\"content\":\"\n\n<p>Irlanda - Dubl\\u00edn<br \\\/>T. +353 190 152 43<\\\/p>\",\"title\":\"Irlanda\"}},{\"type\":\"switcher_item\",\"props\":{\"content\":\"\n\n<p>B\\u00e9lgica \\u2013 Bruselas<br \\\/>T. +32 268 103 42<\\\/p>\",\"title\":\"B\\u00e9lgica\"}},{\"type\":\"switcher_item\",\"props\":{\"content\":\"\n\n<p>Alemania \\u2013 Hamburgo<br \\\/>T. +49 89 2620 4320<\\\/p>\",\"title\":\"Alemania\"}},{\"type\":\"switcher_item\",\"props\":{\"content\":\"\n\n<p>Francia - Gennevilliers<br \\\/>T. +33 1 81 22 41 65<br \\\/>T. +33 6 09 43 24 68<\\\/p>\",\"title\":\"Francia\"}},{\"type\":\"switcher_item\",\"props\":{\"content\":\"\n\n<p>Holanda - Amsterdam<br \\\/>T. +31 (0)20 3690 782<\\\/p>\",\"title\":\"Holanda\"}},{\"type\":\"switcher_item\",\"props\":{\"content\":\"\n\n<p>Austria<br \\\/>T. +43 720 022 281<\\\/p>\",\"title\":\"Austria\"}}]}]}]}]}],\"version\":\"4.5.17\"} --><\/p>\n","protected":false},"excerpt":{"rendered":"<p>\u00c1brete a un nuevo mundo en turismo de compras Mantente conectado con epay Tax Free Estamos preparados para atender tus necesidades Nos encantar\u00eda trabajar con usted! Para obtener informaci\u00f3n sobre nuestros productos epay Tax Free, rellene el siguiente formulario con sus datos o escr\u00edbanos a infotaxfree@euronetworldwide.com Espa\u00f1a HeadquartersEdificio Amura, Calle Cantabria, 2. 3\u00aa planta, 28108 [&hellip;]<\/p>\n","protected":false},"author":2,"featured_media":0,"parent":0,"menu_order":5,"comment_status":"open","ping_status":"closed","template":"","meta":{"_acf_changed":false,"footnotes":""},"class_list":["post-8858","page","type-page","status-publish","hentry"],"acf":[],"yoast_head":"<!-- This site is optimized with the Yoast SEO plugin v26.7 - https:\/\/yoast.com\/wordpress\/plugins\/seo\/ -->\n<title>Cont\u00e1ctanos - Epay | Tax Free<\/title>\n<meta name=\"robots\" content=\"index, follow, max-snippet:-1, max-image-preview:large, max-video-preview:-1\" \/>\n<link rel=\"canonical\" href=\"https:\/\/epaytaxfree.com\/es\/contactanos\/\" \/>\n<meta property=\"og:locale\" content=\"es_ES\" \/>\n<meta property=\"og:type\" content=\"article\" \/>\n<meta property=\"og:title\" content=\"Cont\u00e1ctanos - Epay | Tax Free\" \/>\n<meta property=\"og:description\" content=\"\u00c1brete a un nuevo mundo en turismo de compras Mantente conectado con epay Tax Free Estamos preparados para atender tus necesidades Nos encantar\u00eda trabajar con usted! Para obtener informaci\u00f3n sobre nuestros productos epay Tax Free, rellene el siguiente formulario con sus datos o escr\u00edbanos a infotaxfree@euronetworldwide.com Espa\u00f1a HeadquartersEdificio Amura, Calle Cantabria, 2. 3\u00aa planta, 28108 [&hellip;]\" \/>\n<meta property=\"og:url\" content=\"https:\/\/epaytaxfree.com\/es\/contactanos\/\" \/>\n<meta property=\"og:site_name\" content=\"Epay | Tax Free\" \/>\n<meta property=\"article:modified_time\" content=\"2025-06-06T13:07:00+00:00\" \/>\n<meta property=\"og:image\" content=\"https:\/\/epaytaxfree.com\/wp-content\/uploads\/2024\/02\/epay-TaxFree-logo-linkedin.png\" \/>\n\t<meta property=\"og:image:width\" content=\"500\" \/>\n\t<meta property=\"og:image:height\" content=\"500\" \/>\n\t<meta property=\"og:image:type\" content=\"image\/png\" \/>\n<meta name=\"twitter:card\" content=\"summary_large_image\" \/>\n<meta name=\"twitter:label1\" content=\"Tiempo de lectura\" \/>\n\t<meta name=\"twitter:data1\" content=\"1 minuto\" \/>\n<script type=\"application\/ld+json\" class=\"yoast-schema-graph\">{\"@context\":\"https:\/\/schema.org\",\"@graph\":[{\"@type\":\"WebPage\",\"@id\":\"https:\/\/epaytaxfree.com\/es\/contactanos\/\",\"url\":\"https:\/\/epaytaxfree.com\/es\/contactanos\/\",\"name\":\"Cont\u00e1ctanos - Epay | Tax Free\",\"isPartOf\":{\"@id\":\"https:\/\/epaytaxfree.com\/es\/#website\"},\"datePublished\":\"2023-10-31T05:01:36+00:00\",\"dateModified\":\"2025-06-06T13:07:00+00:00\",\"breadcrumb\":{\"@id\":\"https:\/\/epaytaxfree.com\/es\/contactanos\/#breadcrumb\"},\"inLanguage\":\"es\",\"potentialAction\":[{\"@type\":\"ReadAction\",\"target\":[\"https:\/\/epaytaxfree.com\/es\/contactanos\/\"]}]},{\"@type\":\"BreadcrumbList\",\"@id\":\"https:\/\/epaytaxfree.com\/es\/contactanos\/#breadcrumb\",\"itemListElement\":[{\"@type\":\"ListItem\",\"position\":1,\"name\":\"Home\",\"item\":\"https:\/\/epaytaxfree.com\/es\/\"},{\"@type\":\"ListItem\",\"position\":2,\"name\":\"Cont\u00e1ctanos\"}]},{\"@type\":\"WebSite\",\"@id\":\"https:\/\/epaytaxfree.com\/es\/#website\",\"url\":\"https:\/\/epaytaxfree.com\/es\/\",\"name\":\"Epay | Tax Free\",\"description\":\"\",\"publisher\":{\"@id\":\"https:\/\/epaytaxfree.com\/es\/#organization\"},\"potentialAction\":[{\"@type\":\"SearchAction\",\"target\":{\"@type\":\"EntryPoint\",\"urlTemplate\":\"https:\/\/epaytaxfree.com\/es\/?s={search_term_string}\"},\"query-input\":{\"@type\":\"PropertyValueSpecification\",\"valueRequired\":true,\"valueName\":\"search_term_string\"}}],\"inLanguage\":\"es\"},{\"@type\":\"Organization\",\"@id\":\"https:\/\/epaytaxfree.com\/es\/#organization\",\"name\":\"Epay | Tax Free\",\"url\":\"https:\/\/epaytaxfree.com\/es\/\",\"logo\":{\"@type\":\"ImageObject\",\"inLanguage\":\"es\",\"@id\":\"https:\/\/epaytaxfree.com\/es\/#\/schema\/logo\/image\/\",\"url\":\"https:\/\/epaytaxfree.com\/wp-content\/uploads\/2023\/08\/TaxFree-epay-corporate-digital-RGB.svg\",\"contentUrl\":\"https:\/\/epaytaxfree.com\/wp-content\/uploads\/2023\/08\/TaxFree-epay-corporate-digital-RGB.svg\",\"width\":1,\"height\":1,\"caption\":\"Epay | Tax Free\"},\"image\":{\"@id\":\"https:\/\/epaytaxfree.com\/es\/#\/schema\/logo\/image\/\"},\"sameAs\":[\"https:\/\/www.linkedin.com\/company\/euronet-worldwide\/\"]}]}<\/script>\n<!-- \/ Yoast SEO plugin. -->","yoast_head_json":{"title":"Cont\u00e1ctanos - Epay | Tax Free","robots":{"index":"index","follow":"follow","max-snippet":"max-snippet:-1","max-image-preview":"max-image-preview:large","max-video-preview":"max-video-preview:-1"},"canonical":"https:\/\/epaytaxfree.com\/es\/contactanos\/","og_locale":"es_ES","og_type":"article","og_title":"Cont\u00e1ctanos - Epay | Tax Free","og_description":"\u00c1brete a un nuevo mundo en turismo de compras Mantente conectado con epay Tax Free Estamos preparados para atender tus necesidades Nos encantar\u00eda trabajar con usted! Para obtener informaci\u00f3n sobre nuestros productos epay Tax Free, rellene el siguiente formulario con sus datos o escr\u00edbanos a infotaxfree@euronetworldwide.com Espa\u00f1a HeadquartersEdificio Amura, Calle Cantabria, 2. 3\u00aa planta, 28108 [&hellip;]","og_url":"https:\/\/epaytaxfree.com\/es\/contactanos\/","og_site_name":"Epay | Tax Free","article_modified_time":"2025-06-06T13:07:00+00:00","og_image":[{"width":500,"height":500,"url":"https:\/\/epaytaxfree.com\/wp-content\/uploads\/2024\/02\/epay-TaxFree-logo-linkedin.png","type":"image\/png"}],"twitter_card":"summary_large_image","twitter_misc":{"Tiempo de lectura":"1 minuto"},"schema":{"@context":"https:\/\/schema.org","@graph":[{"@type":"WebPage","@id":"https:\/\/epaytaxfree.com\/es\/contactanos\/","url":"https:\/\/epaytaxfree.com\/es\/contactanos\/","name":"Cont\u00e1ctanos - Epay | Tax Free","isPartOf":{"@id":"https:\/\/epaytaxfree.com\/es\/#website"},"datePublished":"2023-10-31T05:01:36+00:00","dateModified":"2025-06-06T13:07:00+00:00","breadcrumb":{"@id":"https:\/\/epaytaxfree.com\/es\/contactanos\/#breadcrumb"},"inLanguage":"es","potentialAction":[{"@type":"ReadAction","target":["https:\/\/epaytaxfree.com\/es\/contactanos\/"]}]},{"@type":"BreadcrumbList","@id":"https:\/\/epaytaxfree.com\/es\/contactanos\/#breadcrumb","itemListElement":[{"@type":"ListItem","position":1,"name":"Home","item":"https:\/\/epaytaxfree.com\/es\/"},{"@type":"ListItem","position":2,"name":"Cont\u00e1ctanos"}]},{"@type":"WebSite","@id":"https:\/\/epaytaxfree.com\/es\/#website","url":"https:\/\/epaytaxfree.com\/es\/","name":"Epay | Tax Free","description":"","publisher":{"@id":"https:\/\/epaytaxfree.com\/es\/#organization"},"potentialAction":[{"@type":"SearchAction","target":{"@type":"EntryPoint","urlTemplate":"https:\/\/epaytaxfree.com\/es\/?s={search_term_string}"},"query-input":{"@type":"PropertyValueSpecification","valueRequired":true,"valueName":"search_term_string"}}],"inLanguage":"es"},{"@type":"Organization","@id":"https:\/\/epaytaxfree.com\/es\/#organization","name":"Epay | Tax Free","url":"https:\/\/epaytaxfree.com\/es\/","logo":{"@type":"ImageObject","inLanguage":"es","@id":"https:\/\/epaytaxfree.com\/es\/#\/schema\/logo\/image\/","url":"https:\/\/epaytaxfree.com\/wp-content\/uploads\/2023\/08\/TaxFree-epay-corporate-digital-RGB.svg","contentUrl":"https:\/\/epaytaxfree.com\/wp-content\/uploads\/2023\/08\/TaxFree-epay-corporate-digital-RGB.svg","width":1,"height":1,"caption":"Epay | Tax Free"},"image":{"@id":"https:\/\/epaytaxfree.com\/es\/#\/schema\/logo\/image\/"},"sameAs":["https:\/\/www.linkedin.com\/company\/euronet-worldwide\/"]}]}},"_links":{"self":[{"href":"https:\/\/epaytaxfree.com\/es\/wp-json\/wp\/v2\/pages\/8858","targetHints":{"allow":["GET"]}}],"collection":[{"href":"https:\/\/epaytaxfree.com\/es\/wp-json\/wp\/v2\/pages"}],"about":[{"href":"https:\/\/epaytaxfree.com\/es\/wp-json\/wp\/v2\/types\/page"}],"author":[{"embeddable":true,"href":"https:\/\/epaytaxfree.com\/es\/wp-json\/wp\/v2\/users\/2"}],"replies":[{"embeddable":true,"href":"https:\/\/epaytaxfree.com\/es\/wp-json\/wp\/v2\/comments?post=8858"}],"version-history":[{"count":40,"href":"https:\/\/epaytaxfree.com\/es\/wp-json\/wp\/v2\/pages\/8858\/revisions"}],"predecessor-version":[{"id":11289,"href":"https:\/\/epaytaxfree.com\/es\/wp-json\/wp\/v2\/pages\/8858\/revisions\/11289"}],"wp:attachment":[{"href":"https:\/\/epaytaxfree.com\/es\/wp-json\/wp\/v2\/media?parent=8858"}],"curies":[{"name":"wp","href":"https:\/\/api.w.org\/{rel}","templated":true}]}}