{"id":11741,"date":"2023-11-05T21:39:41","date_gmt":"2023-11-05T21:39:41","guid":{"rendered":"https:\/\/epaytaxfree.com\/tax-free-solutions\/"},"modified":"2025-11-27T10:48:06","modified_gmt":"2025-11-27T10:48:06","slug":"soluciones-tax-free","status":"publish","type":"page","link":"https:\/\/epaytaxfree.com\/es\/soluciones-tax-free\/","title":{"rendered":"Soluciones Tax Free"},"content":{"rendered":"<div>\n<p>    <img decoding=\"async\" src=\"\/wp-content\/uploads\/2023\/11\/Tax-Free-Solutions-01.png\" alt=\"\"><\/p>\n<h2>Adaptamos nuestra oferta Tax Free a sus necesidades<\/h2>\n<p>Soluciones epay Tax Free<\/p>\n<div>\n<p>Tanto si necesita una soluci\u00f3n independiente como integrada, estamos aqu\u00ed para ayudarle.<\/p>\n<\/div>\n<\/div>\n<h2>Soluciones Standalone<\/h2>\n<div>\n<h4>Acceso f\u00e1cil y personalizado desde cualquier dispositivo sin necesidad de integraci\u00f3n.<\/h4>\n<\/div>\n<ul>\n<li>\n<p>        <img decoding=\"async\" src=\"\/wp-content\/uploads\/2023\/11\/Tax-Free-WEB-Icon-02.png\" alt=\"\"><\/p>\n<h3>for Desktop<\/h3>\n<div>\n<p>Acceso web personalizado a nuestra plataforma de emisi\u00f3n online, con credenciales individuales y seguras.<\/p>\n<\/div>\n<\/li>\n<li>\n<p>        <img decoding=\"async\" src=\"\/wp-content\/uploads\/2023\/11\/Tax-Free-mobile-Icon-02.png\" alt=\"\"><\/p>\n<h3>Para m\u00f3viles<\/h3>\n<div>\n<p>Aplicaci\u00f3n Android disponible para descargar desde cualquier dispositivo m\u00f3vil.<\/p>\n<\/div>\n<\/li>\n<li>\n<p>        <img decoding=\"async\" src=\"\/wp-content\/uploads\/2023\/11\/Tax-Free-Integrated-TERMINAL-Icon-04.png\" alt=\"\"><\/p>\n<h3>Terminales Android<\/h3>\n<div>\n<p>Terminal Android con aplicaci\u00f3n de c\u00e1mara disponible para la captura de datos del turista.<\/p>\n<\/div>\n<\/li>\n<li>\n<p>        <img decoding=\"async\" src=\"\/wp-content\/uploads\/2023\/11\/Tax-Free-Integrated-TERMINAL-Icon-05.png\" alt=\"\"><\/p>\n<h3>Para TPV&#8217;s con pagos<\/h3>\n<div>\n<p>Terminal de pago con aplicaci\u00f3n Tax Free y con reconocimiento de BINES para la impresi\u00f3n autom\u00e1tica del formulario Tax Free tras el pago.<\/p>\n<\/div>\n<\/li>\n<\/ul>\n<hr>\n<h2>Solutiones Integradas<\/h2>\n<div>\n<h4>Integraci\u00f3n sencilla con tu ERP, software de caja registradora, pasarela de pago y terminal bancario.<\/h4>\n<\/div>\n<ul>\n<li>\n<p>        <img decoding=\"async\" src=\"\/wp-content\/uploads\/2023\/11\/Tax-Free-Integrated-TERMINAL-Icon-03.png\" alt=\"\"><\/p>\n<h3>Integraci\u00f3n para TPV&#8217;s con pagos<\/h3>\n<div>\n<p>El TPV de pago est\u00e1 conectado a la caja registradora del comercio, de modo que el importe de la compra se transfiere de la caja registradora al terminal sin necesidad de intervenci\u00f3n manual.<\/p>\n<\/div>\n<\/li>\n<li>\n<p>        <img decoding=\"async\" src=\"\/wp-content\/uploads\/2023\/11\/Tax-Free-Integrated-POS-Icon-02-1.png\" alt=\"\"><\/p>\n<h3>Integraci\u00f3n para POS<\/h3>\n<div>\n<p>La emisi\u00f3n del formulario Tax Free est\u00e1 integrada con el sistema de caja, de modo que los datos de compra se recuperan sin intervenci\u00f3n manual.<\/p>\n<\/div>\n<\/li>\n<\/ul>\n<hr>\n<h2>Potencia tu Experiencia Tax Free con<br \/>#epayTaxFree<\/h2>\n<p><p>\n        <a href=\"https:\/\/epaytaxfree.com\/es\/contactanos\/\">Cont\u00e1ctanos<\/a>\n    <\/p>\n<\/p>\n<p><!--more--><br \/>\n<!-- {\"type\":\"layout\",\"children\":[{\"type\":\"section\",\"props\":{\"header_transparent\":true,\"header_transparent_noplaceholder\":false,\"header_transparent_text_color\":\"dark\",\"image_position\":\"center-center\",\"padding\":\"none\",\"padding_remove_top\":false,\"style\":\"default\",\"title_breakpoint\":\"xl\",\"title_position\":\"top-left\",\"title_rotation\":\"left\",\"vertical_align\":\"\",\"width\":\"\"},\"children\":[{\"type\":\"row\",\"children\":[{\"type\":\"column\",\"props\":{\"image_position\":\"center-center\",\"position_sticky_breakpoint\":\"m\",\"width_medium\":\"1-1\"},\"children\":[{\"type\":\"slideshow\",\"props\":{\"image_loading\":true,\"image_width\":\"2560\",\"link_margin\":\"medium\",\"link_style\":\"secondary\",\"link_text\":\"Read more\",\"margin\":\"default\",\"meta_align\":\"above-title\",\"meta_color\":\"emphasis\",\"meta_element\":\"div\",\"meta_style\":\"text-meta\",\"nav\":\"dotnav\",\"nav_align\":\"center\",\"nav_breakpoint\":\"s\",\"nav_position\":\"bottom-center\",\"nav_position_margin\":\"medium\",\"overlay_animation\":\"parallax\",\"overlay_container\":\"default\",\"overlay_position\":\"center-left\",\"overlay_style\":\"overlay-default\",\"overlay_width\":\"large\",\"show_content\":true,\"show_link\":true,\"show_meta\":true,\"show_thumbnail\":true,\"show_title\":true,\"slidenav\":\"default\",\"slidenav_breakpoint\":\"m\",\"slidenav_large\":true,\"slidenav_margin\":\"large\",\"slidenav_outside_breakpoint\":\"xl\",\"slideshow_autoplay_pause\":true,\"slideshow_min_height\":\"500\",\"slideshow_ratio\":\"2560:900\",\"text_color\":\"dark\",\"thumbnav_height\":\"75\",\"thumbnav_svg_color\":\"emphasis\",\"thumbnav_width\":\"100\",\"title_element\":\"h2\",\"title_hover_style\":\"reset\",\"title_style\":\"h1\"},\"children\":[{\"type\":\"slideshow_item\",\"props\":{\"content\":\"\n\n<p>Tanto si necesita una soluci\\u00f3n independiente como integrada, estamos aqu\\u00ed para ayudarle.<\\\/p>\",\"image\":\"wp-content\\\/uploads\\\/2023\\\/11\\\/Tax-Free-Solutions-01.png\",\"item_element\":\"article\",\"meta\":\"Soluciones epay Tax Free\",\"title\":\"Adaptamos nuestra oferta Tax Free a sus necesidades\"}}]}]}]}],\"name\":\"Hero Featured Posts\"},{\"type\":\"section\",\"props\":{\"image_position\":\"center-center\",\"padding\":\"large\",\"padding_remove_bottom\":true,\"style\":\"default\",\"title_breakpoint\":\"xl\",\"title_position\":\"top-left\",\"title_rotation\":\"left\",\"vertical_align\":\"\",\"width\":\"large\"},\"children\":[{\"type\":\"row\",\"children\":[{\"type\":\"column\",\"props\":{\"image_position\":\"center-center\",\"position_sticky_breakpoint\":\"m\",\"width_medium\":\"1-1\"},\"children\":[{\"type\":\"headline\",\"props\":{\"content\":\"Soluciones Standalone\",\"margin\":\"small\",\"title_element\":\"h2\",\"title_style\":\"h1\"}},{\"type\":\"headline\",\"props\":{\"animation\":\"slide-bottom-small\",\"content\":\"\n\n<h4>Acceso f\\u00e1cil y personalizado desde cualquier dispositivo sin necesidad de integraci\\u00f3n.<\\\/h4>\",\"margin\":\"default\",\"title_element\":\"div\",\"title_style\":\"h3\"}},{\"type\":\"grid\",\"props\":{\"content_column_breakpoint\":\"m\",\"filter_align\":\"left\",\"filter_all\":true,\"filter_grid_breakpoint\":\"m\",\"filter_grid_width\":\"auto\",\"filter_position\":\"top\",\"filter_style\":\"tab\",\"grid_column_gap\":\"medium\",\"grid_default\":\"1\",\"grid_medium\":\"4\",\"grid_row_gap\":\"medium\",\"grid_small\":\"2\",\"icon_width\":80,\"image_align\":\"top\",\"image_grid_breakpoint\":\"m\",\"image_grid_width\":\"1-2\",\"image_svg_color\":\"emphasis\",\"image_width\":\"610\",\"item_animation\":true,\"lightbox_bg_close\":true,\"link_style\":\"default\",\"link_text\":\"\",\"margin\":\"default\",\"meta_align\":\"below-title\",\"meta_element\":\"div\",\"meta_margin\":\"remove\",\"meta_style\":\"text-meta\",\"panel_image_no_padding\":true,\"panel_link\":true,\"panel_link_hover\":\"true\",\"panel_padding\":\"small\",\"panel_style\":\"card-default\",\"parallax_easing\":\"1\",\"show_content\":true,\"show_hover_image\":true,\"show_hover_video\":true,\"show_image\":true,\"show_link\":true,\"show_meta\":true,\"show_title\":true,\"show_video\":true,\"title_align\":\"top\",\"title_element\":\"h3\",\"title_grid_breakpoint\":\"m\",\"title_grid_width\":\"1-2\",\"title_hover_style\":\"reset\",\"title_style\":\"h4\"},\"children\":[{\"type\":\"grid_item\",\"props\":{\"content\":\"\n\n<p>Acceso web personalizado a nuestra plataforma de emisi\\u00f3n online, con credenciales individuales y seguras.<\\\/p>\",\"image\":\"wp-content\\\/uploads\\\/2023\\\/11\\\/Tax-Free-WEB-Icon-02.png\",\"item_element\":\"article\",\"meta\":\"\",\"title\":\"for Desktop\"}},{\"type\":\"grid_item\",\"props\":{\"content\":\"\n\n<p>Aplicaci\\u00f3n Android disponible para descargar desde cualquier dispositivo m\\u00f3vil.<\\\/p>\",\"image\":\"wp-content\\\/uploads\\\/2023\\\/11\\\/Tax-Free-mobile-Icon-02.png\",\"item_element\":\"article\",\"meta\":\"\",\"title\":\"Para m\\u00f3viles\"}},{\"type\":\"grid_item\",\"props\":{\"content\":\"\n\n<p>Terminal Android con aplicaci\\u00f3n de c\\u00e1mara disponible para la captura de datos del turista.<\\\/p>\",\"image\":\"wp-content\\\/uploads\\\/2023\\\/11\\\/Tax-Free-Integrated-TERMINAL-Icon-04.png\",\"item_element\":\"article\",\"meta\":\"\",\"title\":\"Terminales Android\"}},{\"type\":\"grid_item\",\"props\":{\"content\":\"\n\n<p>Terminal de pago con aplicaci\\u00f3n Tax Free y con reconocimiento de BINES para la impresi\\u00f3n autom\\u00e1tica del formulario Tax Free tras el pago.<\\\/p>\",\"image\":\"wp-content\\\/uploads\\\/2023\\\/11\\\/Tax-Free-Integrated-TERMINAL-Icon-05.png\",\"item_element\":\"article\",\"meta\":\"\",\"title\":\"Para TPV's con pagos\"}}]},{\"type\":\"divider\",\"props\":{\"divider_element\":\"hr\"}}]}]}],\"name\":\"Standalone Solutions\"},{\"type\":\"section\",\"props\":{\"image_position\":\"center-center\",\"padding\":\"large\",\"padding_remove_bottom\":true,\"style\":\"default\",\"title_breakpoint\":\"xl\",\"title_position\":\"top-left\",\"title_rotation\":\"left\",\"vertical_align\":\"\",\"width\":\"large\"},\"children\":[{\"type\":\"row\",\"children\":[{\"type\":\"column\",\"props\":{\"image_position\":\"center-center\",\"position_sticky_breakpoint\":\"m\",\"width_medium\":\"1-1\"},\"children\":[{\"type\":\"headline\",\"props\":{\"content\":\"Solutiones Integradas\",\"margin\":\"small\",\"title_element\":\"h2\",\"title_style\":\"h1\"}},{\"type\":\"headline\",\"props\":{\"animation\":\"slide-bottom-small\",\"content\":\"\n\n<h4>Integraci\\u00f3n sencilla con tu ERP, software de caja registradora, pasarela de pago y terminal bancario.<\\\/h4>\",\"margin\":\"default\",\"title_element\":\"div\",\"title_style\":\"h3\"}},{\"type\":\"grid\",\"props\":{\"content_column_breakpoint\":\"m\",\"filter_align\":\"left\",\"filter_all\":true,\"filter_grid_breakpoint\":\"m\",\"filter_grid_width\":\"auto\",\"filter_position\":\"top\",\"filter_style\":\"tab\",\"grid_column_gap\":\"medium\",\"grid_default\":\"1\",\"grid_medium\":\"4\",\"grid_row_gap\":\"medium\",\"grid_small\":\"2\",\"icon_width\":80,\"image_align\":\"top\",\"image_grid_breakpoint\":\"m\",\"image_grid_width\":\"1-2\",\"image_svg_color\":\"emphasis\",\"image_width\":\"610\",\"item_animation\":true,\"lightbox_bg_close\":true,\"link_style\":\"default\",\"link_text\":\"\",\"margin\":\"default\",\"meta_align\":\"below-title\",\"meta_element\":\"div\",\"meta_margin\":\"remove\",\"meta_style\":\"text-meta\",\"panel_image_no_padding\":true,\"panel_link\":true,\"panel_link_hover\":\"true\",\"panel_padding\":\"small\",\"panel_style\":\"card-default\",\"parallax_easing\":\"1\",\"show_content\":true,\"show_hover_image\":true,\"show_hover_video\":true,\"show_image\":true,\"show_link\":true,\"show_meta\":true,\"show_title\":true,\"show_video\":true,\"title_align\":\"top\",\"title_element\":\"h3\",\"title_grid_breakpoint\":\"m\",\"title_grid_width\":\"1-2\",\"title_hover_style\":\"reset\",\"title_style\":\"h4\"},\"children\":[{\"type\":\"grid_item\",\"props\":{\"content\":\"\n\n<p>El TPV de pago est\\u00e1 conectado a la caja registradora del comercio, de modo que el importe de la compra se transfiere de la caja registradora al terminal sin necesidad de intervenci\\u00f3n manual.<\\\/p>\",\"image\":\"wp-content\\\/uploads\\\/2023\\\/11\\\/Tax-Free-Integrated-TERMINAL-Icon-03.png\",\"item_element\":\"article\",\"meta\":\"\",\"title\":\"Integraci\\u00f3n para TPV's con pagos\"}},{\"type\":\"grid_item\",\"props\":{\"content\":\"\n\n<p>La emisi\\u00f3n del formulario Tax Free est\\u00e1 integrada con el sistema de caja, de modo que los datos de compra se recuperan sin intervenci\\u00f3n manual.<\\\/p>\",\"image\":\"wp-content\\\/uploads\\\/2023\\\/11\\\/Tax-Free-Integrated-POS-Icon-02-1.png\",\"item_element\":\"article\",\"meta\":\"\",\"title\":\"Integraci\\u00f3n para POS\"}}]},{\"type\":\"divider\",\"props\":{\"divider_element\":\"hr\"}}]}]}],\"name\":\"Integrated Solutions\"},{\"type\":\"section\",\"props\":{\"image_position\":\"center-center\",\"overlap\":false,\"padding_remove_bottom\":true,\"padding_remove_top\":true,\"style\":\"default\",\"title_breakpoint\":\"xl\",\"title_position\":\"top-left\",\"title_rotation\":\"left\",\"vertical_align\":\"\",\"width\":\"\"},\"children\":[{\"type\":\"row\",\"children\":[{\"type\":\"column\",\"props\":{\"image\":\"wp-content\\\/uploads\\\/2025\\\/11\\\/epay-TaxFree-Banner-get-in-touch-02.png\",\"image_position\":\"center-center\",\"image_size\":\"cover\",\"position_sticky_breakpoint\":\"m\"},\"children\":[{\"type\":\"headline\",\"props\":{\"content\":\"Potencia tu Experiencia Tax Free con<br \\\/>#epayTaxFree\",\"margin\":\"small\",\"text_align\":\"center\",\"title_element\":\"h2\",\"title_style\":\"h1\"}},{\"name\":\"Button Style Danger\",\"type\":\"button\",\"children\":[{\"type\":\"button_item\",\"props\":{\"button_style\":\"secondary\",\"content\":\"Cont\\u00e1ctanos\",\"dialog_layout\":\"modal\",\"dialog_offcanvas_flip\":true,\"icon_align\":\"left\",\"link\":\"es\\\/contactanos\\\/\"}}],\"props\":{\"button_size\":\"large\",\"grid_column_gap\":\"small\",\"grid_row_gap\":\"small\",\"margin\":\"default\",\"margin_remove_top\":false,\"text_align\":\"center\"}}]}]}],\"name\":\"Get in touch\"}],\"version\":\"4.5.32\"} --><\/p>\n","protected":false},"excerpt":{"rendered":"<p>Adaptamos nuestra oferta Tax Free a sus necesidades Soluciones epay Tax Free Tanto si necesita una soluci\u00f3n independiente como integrada, estamos aqu\u00ed para ayudarle. Soluciones Standalone Acceso f\u00e1cil y personalizado desde cualquier dispositivo sin necesidad de integraci\u00f3n. for Desktop Acceso web personalizado a nuestra plataforma de emisi\u00f3n online, con credenciales individuales y seguras. Para m\u00f3viles [&hellip;]<\/p>\n","protected":false},"author":2,"featured_media":0,"parent":0,"menu_order":0,"comment_status":"closed","ping_status":"closed","template":"","meta":{"_acf_changed":false,"footnotes":""},"class_list":["post-11741","page","type-page","status-publish","hentry"],"acf":[],"yoast_head":"<!-- This site is optimized with the Yoast SEO plugin v26.7 - https:\/\/yoast.com\/wordpress\/plugins\/seo\/ -->\n<title>Soluciones Tax Free - Epay | Tax Free<\/title>\n<meta name=\"robots\" content=\"index, follow, max-snippet:-1, max-image-preview:large, max-video-preview:-1\" \/>\n<link rel=\"canonical\" href=\"https:\/\/epaytaxfree.com\/es\/soluciones-tax-free\/\" \/>\n<meta property=\"og:locale\" content=\"es_ES\" \/>\n<meta property=\"og:type\" content=\"article\" \/>\n<meta property=\"og:title\" content=\"Soluciones Tax Free - Epay | Tax Free\" \/>\n<meta property=\"og:description\" content=\"Adaptamos nuestra oferta Tax Free a sus necesidades Soluciones epay Tax Free Tanto si necesita una soluci\u00f3n independiente como integrada, estamos aqu\u00ed para ayudarle. Soluciones Standalone Acceso f\u00e1cil y personalizado desde cualquier dispositivo sin necesidad de integraci\u00f3n. for Desktop Acceso web personalizado a nuestra plataforma de emisi\u00f3n online, con credenciales individuales y seguras. Para m\u00f3viles [&hellip;]\" \/>\n<meta property=\"og:url\" content=\"https:\/\/epaytaxfree.com\/es\/soluciones-tax-free\/\" \/>\n<meta property=\"og:site_name\" content=\"Epay | Tax Free\" \/>\n<meta property=\"article:modified_time\" content=\"2025-11-27T10:48:06+00:00\" \/>\n<meta property=\"og:image\" content=\"https:\/\/epaytaxfree.com\/wp-content\/uploads\/2024\/02\/epay-TaxFree-logo-linkedin.png\" \/>\n\t<meta property=\"og:image:width\" content=\"500\" \/>\n\t<meta property=\"og:image:height\" content=\"500\" \/>\n\t<meta property=\"og:image:type\" content=\"image\/png\" \/>\n<meta name=\"twitter:card\" content=\"summary_large_image\" \/>\n<meta name=\"twitter:label1\" content=\"Tiempo de lectura\" \/>\n\t<meta name=\"twitter:data1\" content=\"3 minutos\" \/>\n<script type=\"application\/ld+json\" class=\"yoast-schema-graph\">{\"@context\":\"https:\/\/schema.org\",\"@graph\":[{\"@type\":\"WebPage\",\"@id\":\"https:\/\/epaytaxfree.com\/es\/soluciones-tax-free\/\",\"url\":\"https:\/\/epaytaxfree.com\/es\/soluciones-tax-free\/\",\"name\":\"Soluciones Tax Free - Epay | Tax Free\",\"isPartOf\":{\"@id\":\"https:\/\/epaytaxfree.com\/es\/#website\"},\"datePublished\":\"2023-11-05T21:39:41+00:00\",\"dateModified\":\"2025-11-27T10:48:06+00:00\",\"breadcrumb\":{\"@id\":\"https:\/\/epaytaxfree.com\/es\/soluciones-tax-free\/#breadcrumb\"},\"inLanguage\":\"es\",\"potentialAction\":[{\"@type\":\"ReadAction\",\"target\":[\"https:\/\/epaytaxfree.com\/es\/soluciones-tax-free\/\"]}]},{\"@type\":\"BreadcrumbList\",\"@id\":\"https:\/\/epaytaxfree.com\/es\/soluciones-tax-free\/#breadcrumb\",\"itemListElement\":[{\"@type\":\"ListItem\",\"position\":1,\"name\":\"Home\",\"item\":\"https:\/\/epaytaxfree.com\/es\/\"},{\"@type\":\"ListItem\",\"position\":2,\"name\":\"Soluciones Tax Free\"}]},{\"@type\":\"WebSite\",\"@id\":\"https:\/\/epaytaxfree.com\/es\/#website\",\"url\":\"https:\/\/epaytaxfree.com\/es\/\",\"name\":\"Epay | Tax Free\",\"description\":\"\",\"publisher\":{\"@id\":\"https:\/\/epaytaxfree.com\/es\/#organization\"},\"potentialAction\":[{\"@type\":\"SearchAction\",\"target\":{\"@type\":\"EntryPoint\",\"urlTemplate\":\"https:\/\/epaytaxfree.com\/es\/?s={search_term_string}\"},\"query-input\":{\"@type\":\"PropertyValueSpecification\",\"valueRequired\":true,\"valueName\":\"search_term_string\"}}],\"inLanguage\":\"es\"},{\"@type\":\"Organization\",\"@id\":\"https:\/\/epaytaxfree.com\/es\/#organization\",\"name\":\"Epay | Tax Free\",\"url\":\"https:\/\/epaytaxfree.com\/es\/\",\"logo\":{\"@type\":\"ImageObject\",\"inLanguage\":\"es\",\"@id\":\"https:\/\/epaytaxfree.com\/es\/#\/schema\/logo\/image\/\",\"url\":\"https:\/\/epaytaxfree.com\/wp-content\/uploads\/2023\/08\/TaxFree-epay-corporate-digital-RGB.svg\",\"contentUrl\":\"https:\/\/epaytaxfree.com\/wp-content\/uploads\/2023\/08\/TaxFree-epay-corporate-digital-RGB.svg\",\"width\":1,\"height\":1,\"caption\":\"Epay | Tax Free\"},\"image\":{\"@id\":\"https:\/\/epaytaxfree.com\/es\/#\/schema\/logo\/image\/\"},\"sameAs\":[\"https:\/\/www.linkedin.com\/company\/euronet-worldwide\/\"]}]}<\/script>\n<!-- \/ Yoast SEO plugin. -->","yoast_head_json":{"title":"Soluciones Tax Free - Epay | Tax Free","robots":{"index":"index","follow":"follow","max-snippet":"max-snippet:-1","max-image-preview":"max-image-preview:large","max-video-preview":"max-video-preview:-1"},"canonical":"https:\/\/epaytaxfree.com\/es\/soluciones-tax-free\/","og_locale":"es_ES","og_type":"article","og_title":"Soluciones Tax Free - Epay | Tax Free","og_description":"Adaptamos nuestra oferta Tax Free a sus necesidades Soluciones epay Tax Free Tanto si necesita una soluci\u00f3n independiente como integrada, estamos aqu\u00ed para ayudarle. Soluciones Standalone Acceso f\u00e1cil y personalizado desde cualquier dispositivo sin necesidad de integraci\u00f3n. for Desktop Acceso web personalizado a nuestra plataforma de emisi\u00f3n online, con credenciales individuales y seguras. Para m\u00f3viles [&hellip;]","og_url":"https:\/\/epaytaxfree.com\/es\/soluciones-tax-free\/","og_site_name":"Epay | Tax Free","article_modified_time":"2025-11-27T10:48:06+00:00","og_image":[{"width":500,"height":500,"url":"https:\/\/epaytaxfree.com\/wp-content\/uploads\/2024\/02\/epay-TaxFree-logo-linkedin.png","type":"image\/png"}],"twitter_card":"summary_large_image","twitter_misc":{"Tiempo de lectura":"3 minutos"},"schema":{"@context":"https:\/\/schema.org","@graph":[{"@type":"WebPage","@id":"https:\/\/epaytaxfree.com\/es\/soluciones-tax-free\/","url":"https:\/\/epaytaxfree.com\/es\/soluciones-tax-free\/","name":"Soluciones Tax Free - Epay | Tax Free","isPartOf":{"@id":"https:\/\/epaytaxfree.com\/es\/#website"},"datePublished":"2023-11-05T21:39:41+00:00","dateModified":"2025-11-27T10:48:06+00:00","breadcrumb":{"@id":"https:\/\/epaytaxfree.com\/es\/soluciones-tax-free\/#breadcrumb"},"inLanguage":"es","potentialAction":[{"@type":"ReadAction","target":["https:\/\/epaytaxfree.com\/es\/soluciones-tax-free\/"]}]},{"@type":"BreadcrumbList","@id":"https:\/\/epaytaxfree.com\/es\/soluciones-tax-free\/#breadcrumb","itemListElement":[{"@type":"ListItem","position":1,"name":"Home","item":"https:\/\/epaytaxfree.com\/es\/"},{"@type":"ListItem","position":2,"name":"Soluciones Tax Free"}]},{"@type":"WebSite","@id":"https:\/\/epaytaxfree.com\/es\/#website","url":"https:\/\/epaytaxfree.com\/es\/","name":"Epay | Tax Free","description":"","publisher":{"@id":"https:\/\/epaytaxfree.com\/es\/#organization"},"potentialAction":[{"@type":"SearchAction","target":{"@type":"EntryPoint","urlTemplate":"https:\/\/epaytaxfree.com\/es\/?s={search_term_string}"},"query-input":{"@type":"PropertyValueSpecification","valueRequired":true,"valueName":"search_term_string"}}],"inLanguage":"es"},{"@type":"Organization","@id":"https:\/\/epaytaxfree.com\/es\/#organization","name":"Epay | Tax Free","url":"https:\/\/epaytaxfree.com\/es\/","logo":{"@type":"ImageObject","inLanguage":"es","@id":"https:\/\/epaytaxfree.com\/es\/#\/schema\/logo\/image\/","url":"https:\/\/epaytaxfree.com\/wp-content\/uploads\/2023\/08\/TaxFree-epay-corporate-digital-RGB.svg","contentUrl":"https:\/\/epaytaxfree.com\/wp-content\/uploads\/2023\/08\/TaxFree-epay-corporate-digital-RGB.svg","width":1,"height":1,"caption":"Epay | Tax Free"},"image":{"@id":"https:\/\/epaytaxfree.com\/es\/#\/schema\/logo\/image\/"},"sameAs":["https:\/\/www.linkedin.com\/company\/euronet-worldwide\/"]}]}},"_links":{"self":[{"href":"https:\/\/epaytaxfree.com\/es\/wp-json\/wp\/v2\/pages\/11741","targetHints":{"allow":["GET"]}}],"collection":[{"href":"https:\/\/epaytaxfree.com\/es\/wp-json\/wp\/v2\/pages"}],"about":[{"href":"https:\/\/epaytaxfree.com\/es\/wp-json\/wp\/v2\/types\/page"}],"author":[{"embeddable":true,"href":"https:\/\/epaytaxfree.com\/es\/wp-json\/wp\/v2\/users\/2"}],"replies":[{"embeddable":true,"href":"https:\/\/epaytaxfree.com\/es\/wp-json\/wp\/v2\/comments?post=11741"}],"version-history":[{"count":16,"href":"https:\/\/epaytaxfree.com\/es\/wp-json\/wp\/v2\/pages\/11741\/revisions"}],"predecessor-version":[{"id":12243,"href":"https:\/\/epaytaxfree.com\/es\/wp-json\/wp\/v2\/pages\/11741\/revisions\/12243"}],"wp:attachment":[{"href":"https:\/\/epaytaxfree.com\/es\/wp-json\/wp\/v2\/media?parent=11741"}],"curies":[{"name":"wp","href":"https:\/\/api.w.org\/{rel}","templated":true}]}}