{"id":11729,"date":"2024-02-08T08:12:47","date_gmt":"2024-02-08T08:12:47","guid":{"rendered":"https:\/\/epaytaxfree.com\/merchant-portal\/"},"modified":"2025-06-24T14:44:27","modified_gmt":"2025-06-24T14:44:27","slug":"merchant-portal","status":"publish","type":"page","link":"https:\/\/epaytaxfree.com\/es\/merchant-portal\/","title":{"rendered":"Merchant Portal"},"content":{"rendered":"<p><img decoding=\"async\" src=\"\/wp-content\/uploads\/2024\/02\/Merchant-women-225x300-1-1.png\" alt=\"\"><\/p>\n<div>\n<h2>Merchant Portal<\/h2>\n<div>\n<p>Seleccione el pa\u00eds en el que se encuentra su negocio<\/p>\n<\/div>\n<\/div>\n<ul>\n<li>\n<p><a href=\"http:\/\/epaytaxfree.adapting.com\/be\/Login\"><\/p>\n<p>B\u00e9lgica<\/p>\n<p><\/a><\/p>\n<\/li>\n<li>\n<p><a href=\"https:\/\/epaytaxfree.adapting.com\/fr\/Login\"><\/p>\n<p>Francia<\/p>\n<p><\/a><\/p>\n<\/li>\n<li>\n<p><a href=\"http:\/\/epaytaxfree.adapting.com\/de\"><\/p>\n<p>Alemania<\/p>\n<p><\/a><\/p>\n<\/li>\n<li>\n<p><a href=\"http:\/\/greekabox.adapting.com\/gr\"><\/p>\n<p>Grecia<\/p>\n<p><\/a><\/p>\n<\/li>\n<li>\n<p><a href=\"http:\/\/epaytaxfree.adapting.com\/ir\"><\/p>\n<p>Irlanda<\/p>\n<p><\/a><\/p>\n<\/li>\n<li>\n<p><a href=\"http:\/\/epaytaxfree.adapting.com\/portugal\/Login\"><\/p>\n<p>Portugal<\/p>\n<p><\/a><\/p>\n<\/li>\n<li>\n<p><a href=\"http:\/\/docs.epaytaxfree-abox.adapting.com\/\"><\/p>\n<p>Espa\u00f1a<\/p>\n<p><\/a><\/p>\n<\/li>\n<li>\n<p><a href=\"http:\/\/epaytaxfree.adapting.com\/nl\/Login\"><\/p>\n<p>Pa\u00edses Bajos<\/p>\n<p><\/a><\/p>\n<\/li>\n<\/ul>\n<p><!--more--><br \/>\n<!-- {\"type\":\"layout\",\"children\":[{\"name\":\"Merchant Portal\",\"type\":\"section\",\"props\":{\"animation\":\"slide-left-medium\",\"height_viewport\":false,\"image_effect\":\"parallax\",\"image_parallax_bgy\":\"40,100\",\"image_parallax_breakpoint\":\"s\",\"image_parallax_easing\":\"1\",\"image_position\":\"center-center\",\"media_visibility\":\"l\",\"padding_remove_bottom\":false,\"padding_remove_top\":false,\"style\":\"default\",\"title_breakpoint\":\"xl\",\"title_position\":\"top-left\",\"title_rotation\":\"left\",\"vertical_align\":\"\",\"width\":\"large\"},\"children\":[{\"type\":\"row\",\"props\":{\"column_gap\":\"large\",\"divider\":false,\"layout\":\"1-2,1-2\",\"margin\":\"default\",\"row_gap\":\"large\"},\"children\":[{\"type\":\"column\",\"props\":{\"image_position\":\"center-center\",\"position_sticky_breakpoint\":\"m\",\"vertical_align\":\"middle\",\"width_medium\":\"1-2\"},\"children\":[{\"type\":\"image\",\"props\":{\"image\":\"wp-content\\\/uploads\\\/2024\\\/02\\\/Merchant-women-225x300-1-1.png\",\"image_height\":\"680\",\"image_loading\":true,\"image_svg_color\":\"emphasis\",\"margin\":\"default\",\"text_align\":\"left\",\"text_align_breakpoint\":\"m\",\"text_align_fallback\":\"center\"}}]},{\"type\":\"column\",\"props\":{\"image_position\":\"center-center\",\"position_sticky_breakpoint\":\"m\",\"vertical_align\":\"middle\",\"width_medium\":\"1-2\"},\"children\":[{\"type\":\"panel\",\"props\":{\"animation\":\"slide-right-medium\",\"content\":\"\n\n<p>Seleccione el pa\\u00eds en el que se encuentra su negocio<\\\/p>\",\"content_column_breakpoint\":\"m\",\"icon_width\":80,\"image_align\":\"top\",\"image_grid_breakpoint\":\"m\",\"image_grid_width\":\"1-2\",\"image_svg_color\":\"emphasis\",\"link_size\":\"large\",\"link_style\":\"text\",\"link_text\":\"Lookbook\",\"margin\":\"large\",\"margin_remove_top\":false,\"maxwidth\":\"large\",\"maxwidth_breakpoint\":\"m\",\"meta_align\":\"below-title\",\"meta_element\":\"div\",\"meta_style\":\"text-meta\",\"text_align\":\"left\",\"text_align_breakpoint\":\"m\",\"text_align_fallback\":\"left\",\"title\":\"Merchant Portal\",\"title_align\":\"top\",\"title_decoration\":\"line\",\"title_element\":\"h2\",\"title_grid_breakpoint\":\"m\",\"title_grid_width\":\"1-2\",\"title_hover_style\":\"reset\",\"title_style\":\"heading-small\"}},{\"type\":\"list\",\"props\":{\"column_breakpoint\":\"\",\"image_align\":\"right\",\"image_svg_color\":\"emphasis\",\"image_vertical_align\":true,\"link_style\":\"text\",\"list_element\":\"ul\",\"list_horizontal_separator\":\", \",\"list_style\":\"divider\",\"list_type\":\"vertical\",\"margin\":\"medium\",\"show_image\":true,\"show_link\":true,\"visibility\":\"m\"},\"children\":[{\"type\":\"list_item\",\"props\":{\"content\":\"\n\n<p>B\\u00e9lgica<\\\/p>\",\"link\":\"http:\\\/\\\/epaytaxfree.adapting.com\\\/be\\\/Login\"}},{\"type\":\"list_item\",\"props\":{\"content\":\"\n\n<p>Francia<\\\/p>\",\"link\":\"https:\\\/\\\/epaytaxfree.adapting.com\\\/fr\\\/Login\"}},{\"type\":\"list_item\",\"props\":{\"content\":\"\n\n<p>Alemania<\\\/p>\",\"link\":\"http:\\\/\\\/epaytaxfree.adapting.com\\\/de\"}},{\"type\":\"list_item\",\"props\":{\"content\":\"\n\n<p>Grecia<\\\/p>\",\"link\":\"http:\\\/\\\/greekabox.adapting.com\\\/gr\"}},{\"type\":\"list_item\",\"props\":{\"content\":\"\n\n<p>Irlanda<\\\/p>\",\"link\":\"http:\\\/\\\/epaytaxfree.adapting.com\\\/ir\"}},{\"type\":\"list_item\",\"props\":{\"content\":\"\n\n<p>Portugal<\\\/p>\",\"link\":\"http:\\\/\\\/epaytaxfree.adapting.com\\\/portugal\\\/Login\"}},{\"type\":\"list_item\",\"props\":{\"content\":\"\n\n<p>Espa\\u00f1a<\\\/p>\",\"link\":\"http:\\\/\\\/docs.epaytaxfree-abox.adapting.com\\\/\"}},{\"type\":\"list_item\",\"props\":{\"content\":\"\n\n<p>Pa\\u00edses Bajos<\\\/p>\",\"link\":\"http:\\\/\\\/epaytaxfree.adapting.com\\\/nl\\\/Login\"}}],\"modified\":\"2020-12-01T12:15:28.449Z\",\"name\":\"List\"}]}]}]}],\"version\":\"4.5.17\"} --><\/p>\n","protected":false},"excerpt":{"rendered":"<p>Merchant Portal Seleccione el pa\u00eds en el que se encuentra su negocio B\u00e9lgica Francia Alemania Grecia Irlanda Portugal Espa\u00f1a Pa\u00edses Bajos<\/p>\n","protected":false},"author":2,"featured_media":0,"parent":0,"menu_order":0,"comment_status":"closed","ping_status":"closed","template":"","meta":{"_acf_changed":false,"footnotes":""},"class_list":["post-11729","page","type-page","status-publish","hentry"],"acf":[],"yoast_head":"<!-- This site is optimized with the Yoast SEO plugin v26.7 - https:\/\/yoast.com\/wordpress\/plugins\/seo\/ -->\n<title>Merchant Portal - Epay | Tax Free<\/title>\n<meta name=\"robots\" content=\"index, follow, max-snippet:-1, max-image-preview:large, max-video-preview:-1\" \/>\n<link rel=\"canonical\" href=\"https:\/\/epaytaxfree.com\/es\/merchant-portal\/\" \/>\n<meta property=\"og:locale\" content=\"es_ES\" \/>\n<meta property=\"og:type\" content=\"article\" \/>\n<meta property=\"og:title\" content=\"Merchant Portal - Epay | Tax Free\" \/>\n<meta property=\"og:description\" content=\"Merchant Portal Seleccione el pa\u00eds en el que se encuentra su negocio B\u00e9lgica Francia Alemania Grecia Irlanda Portugal Espa\u00f1a Pa\u00edses Bajos\" \/>\n<meta property=\"og:url\" content=\"https:\/\/epaytaxfree.com\/es\/merchant-portal\/\" \/>\n<meta property=\"og:site_name\" content=\"Epay | Tax Free\" \/>\n<meta property=\"article:modified_time\" content=\"2025-06-24T14:44:27+00:00\" \/>\n<meta property=\"og:image\" content=\"https:\/\/epaytaxfree.com\/wp-content\/uploads\/2024\/02\/epay-TaxFree-logo-linkedin.png\" \/>\n\t<meta property=\"og:image:width\" content=\"500\" \/>\n\t<meta property=\"og:image:height\" content=\"500\" \/>\n\t<meta property=\"og:image:type\" content=\"image\/png\" \/>\n<meta name=\"twitter:card\" content=\"summary_large_image\" \/>\n<script type=\"application\/ld+json\" class=\"yoast-schema-graph\">{\"@context\":\"https:\/\/schema.org\",\"@graph\":[{\"@type\":\"WebPage\",\"@id\":\"https:\/\/epaytaxfree.com\/es\/merchant-portal\/\",\"url\":\"https:\/\/epaytaxfree.com\/es\/merchant-portal\/\",\"name\":\"Merchant Portal - Epay | Tax Free\",\"isPartOf\":{\"@id\":\"https:\/\/epaytaxfree.com\/es\/#website\"},\"datePublished\":\"2024-02-08T08:12:47+00:00\",\"dateModified\":\"2025-06-24T14:44:27+00:00\",\"breadcrumb\":{\"@id\":\"https:\/\/epaytaxfree.com\/es\/merchant-portal\/#breadcrumb\"},\"inLanguage\":\"es\",\"potentialAction\":[{\"@type\":\"ReadAction\",\"target\":[\"https:\/\/epaytaxfree.com\/es\/merchant-portal\/\"]}]},{\"@type\":\"BreadcrumbList\",\"@id\":\"https:\/\/epaytaxfree.com\/es\/merchant-portal\/#breadcrumb\",\"itemListElement\":[{\"@type\":\"ListItem\",\"position\":1,\"name\":\"Home\",\"item\":\"https:\/\/epaytaxfree.com\/es\/\"},{\"@type\":\"ListItem\",\"position\":2,\"name\":\"Merchant Portal\"}]},{\"@type\":\"WebSite\",\"@id\":\"https:\/\/epaytaxfree.com\/es\/#website\",\"url\":\"https:\/\/epaytaxfree.com\/es\/\",\"name\":\"Epay | Tax Free\",\"description\":\"\",\"publisher\":{\"@id\":\"https:\/\/epaytaxfree.com\/es\/#organization\"},\"potentialAction\":[{\"@type\":\"SearchAction\",\"target\":{\"@type\":\"EntryPoint\",\"urlTemplate\":\"https:\/\/epaytaxfree.com\/es\/?s={search_term_string}\"},\"query-input\":{\"@type\":\"PropertyValueSpecification\",\"valueRequired\":true,\"valueName\":\"search_term_string\"}}],\"inLanguage\":\"es\"},{\"@type\":\"Organization\",\"@id\":\"https:\/\/epaytaxfree.com\/es\/#organization\",\"name\":\"Epay | Tax Free\",\"url\":\"https:\/\/epaytaxfree.com\/es\/\",\"logo\":{\"@type\":\"ImageObject\",\"inLanguage\":\"es\",\"@id\":\"https:\/\/epaytaxfree.com\/es\/#\/schema\/logo\/image\/\",\"url\":\"https:\/\/epaytaxfree.com\/wp-content\/uploads\/2023\/08\/TaxFree-epay-corporate-digital-RGB.svg\",\"contentUrl\":\"https:\/\/epaytaxfree.com\/wp-content\/uploads\/2023\/08\/TaxFree-epay-corporate-digital-RGB.svg\",\"width\":1,\"height\":1,\"caption\":\"Epay | Tax Free\"},\"image\":{\"@id\":\"https:\/\/epaytaxfree.com\/es\/#\/schema\/logo\/image\/\"},\"sameAs\":[\"https:\/\/www.linkedin.com\/company\/euronet-worldwide\/\"]}]}<\/script>\n<!-- \/ Yoast SEO plugin. -->","yoast_head_json":{"title":"Merchant Portal - Epay | Tax Free","robots":{"index":"index","follow":"follow","max-snippet":"max-snippet:-1","max-image-preview":"max-image-preview:large","max-video-preview":"max-video-preview:-1"},"canonical":"https:\/\/epaytaxfree.com\/es\/merchant-portal\/","og_locale":"es_ES","og_type":"article","og_title":"Merchant Portal - Epay | Tax Free","og_description":"Merchant Portal Seleccione el pa\u00eds en el que se encuentra su negocio B\u00e9lgica Francia Alemania Grecia Irlanda Portugal Espa\u00f1a Pa\u00edses Bajos","og_url":"https:\/\/epaytaxfree.com\/es\/merchant-portal\/","og_site_name":"Epay | Tax Free","article_modified_time":"2025-06-24T14:44:27+00:00","og_image":[{"width":500,"height":500,"url":"https:\/\/epaytaxfree.com\/wp-content\/uploads\/2024\/02\/epay-TaxFree-logo-linkedin.png","type":"image\/png"}],"twitter_card":"summary_large_image","schema":{"@context":"https:\/\/schema.org","@graph":[{"@type":"WebPage","@id":"https:\/\/epaytaxfree.com\/es\/merchant-portal\/","url":"https:\/\/epaytaxfree.com\/es\/merchant-portal\/","name":"Merchant Portal - Epay | Tax Free","isPartOf":{"@id":"https:\/\/epaytaxfree.com\/es\/#website"},"datePublished":"2024-02-08T08:12:47+00:00","dateModified":"2025-06-24T14:44:27+00:00","breadcrumb":{"@id":"https:\/\/epaytaxfree.com\/es\/merchant-portal\/#breadcrumb"},"inLanguage":"es","potentialAction":[{"@type":"ReadAction","target":["https:\/\/epaytaxfree.com\/es\/merchant-portal\/"]}]},{"@type":"BreadcrumbList","@id":"https:\/\/epaytaxfree.com\/es\/merchant-portal\/#breadcrumb","itemListElement":[{"@type":"ListItem","position":1,"name":"Home","item":"https:\/\/epaytaxfree.com\/es\/"},{"@type":"ListItem","position":2,"name":"Merchant Portal"}]},{"@type":"WebSite","@id":"https:\/\/epaytaxfree.com\/es\/#website","url":"https:\/\/epaytaxfree.com\/es\/","name":"Epay | Tax Free","description":"","publisher":{"@id":"https:\/\/epaytaxfree.com\/es\/#organization"},"potentialAction":[{"@type":"SearchAction","target":{"@type":"EntryPoint","urlTemplate":"https:\/\/epaytaxfree.com\/es\/?s={search_term_string}"},"query-input":{"@type":"PropertyValueSpecification","valueRequired":true,"valueName":"search_term_string"}}],"inLanguage":"es"},{"@type":"Organization","@id":"https:\/\/epaytaxfree.com\/es\/#organization","name":"Epay | Tax Free","url":"https:\/\/epaytaxfree.com\/es\/","logo":{"@type":"ImageObject","inLanguage":"es","@id":"https:\/\/epaytaxfree.com\/es\/#\/schema\/logo\/image\/","url":"https:\/\/epaytaxfree.com\/wp-content\/uploads\/2023\/08\/TaxFree-epay-corporate-digital-RGB.svg","contentUrl":"https:\/\/epaytaxfree.com\/wp-content\/uploads\/2023\/08\/TaxFree-epay-corporate-digital-RGB.svg","width":1,"height":1,"caption":"Epay | Tax Free"},"image":{"@id":"https:\/\/epaytaxfree.com\/es\/#\/schema\/logo\/image\/"},"sameAs":["https:\/\/www.linkedin.com\/company\/euronet-worldwide\/"]}]}},"_links":{"self":[{"href":"https:\/\/epaytaxfree.com\/es\/wp-json\/wp\/v2\/pages\/11729","targetHints":{"allow":["GET"]}}],"collection":[{"href":"https:\/\/epaytaxfree.com\/es\/wp-json\/wp\/v2\/pages"}],"about":[{"href":"https:\/\/epaytaxfree.com\/es\/wp-json\/wp\/v2\/types\/page"}],"author":[{"embeddable":true,"href":"https:\/\/epaytaxfree.com\/es\/wp-json\/wp\/v2\/users\/2"}],"replies":[{"embeddable":true,"href":"https:\/\/epaytaxfree.com\/es\/wp-json\/wp\/v2\/comments?post=11729"}],"version-history":[{"count":10,"href":"https:\/\/epaytaxfree.com\/es\/wp-json\/wp\/v2\/pages\/11729\/revisions"}],"predecessor-version":[{"id":11739,"href":"https:\/\/epaytaxfree.com\/es\/wp-json\/wp\/v2\/pages\/11729\/revisions\/11739"}],"wp:attachment":[{"href":"https:\/\/epaytaxfree.com\/es\/wp-json\/wp\/v2\/media?parent=11729"}],"curies":[{"name":"wp","href":"https:\/\/api.w.org\/{rel}","templated":true}]}}