{"id":11207,"date":"2019-02-21T14:47:08","date_gmt":"2019-02-21T14:47:08","guid":{"rendered":"https:\/\/epaytaxfree.com\/home\/"},"modified":"2025-11-27T10:56:07","modified_gmt":"2025-11-27T10:56:07","slug":"home","status":"publish","type":"page","link":"https:\/\/epaytaxfree.com\/es\/","title":{"rendered":"Home"},"content":{"rendered":"<ul>\n<li>\n<h3> EMPOWER your Tax Free Experience<\/h3>\n<\/li>\n<li>\n<p>        <img decoding=\"async\" src=\"\/wp-content\/uploads\/2023\/11\/TAX-FREE-SHOPING-Serrano-02.jpg\" alt=\"epay tax free\"><\/p>\n<h3>Potencia tu Experiencia <\/br>Tax Free con epay<\/h3>\n<p>Devoluciones de IVA m\u00e1s f\u00e1ciles<\/p>\n<\/li>\n<\/ul>\n<p><img decoding=\"async\" src=\"\/wp-content\/uploads\/2023\/11\/Tax-Free-Home-Page-Shoopers-06.jpg\" alt=\"\"><\/p>\n<h2>\u00bfEres turista de compras?<\/h2>\n<div>\n<p>Obtener tu Tax Free es muy f\u00e1cil, solo recuerda que el proceso empieza en el momento de la compra.<\/p>\n<p>Cuando pagues tus compras, pide al personal de la tienda el documento Tax Free de epay. Recomendamos escanear el c\u00f3digo QR de cada documento para tenerlo todo al alcance de la mano.<\/p>\n<\/div>\n<p><p>\n        <a href=\"https:\/\/epaytaxfree.com\/es\/area-del-turista\/\">M\u00e1s detalles<\/a>\n    <\/p>\n<\/p>\n<p><img decoding=\"async\" src=\"\/wp-content\/uploads\/2023\/11\/Tax-Free-Merchant-Area-12.jpg\" alt=\"\"><\/p>\n<h2>\u00bfEres un comercio?<\/h2>\n<div>\n<p>Nos adaptamos a tus necesidades ofreci\u00e9ndote soluciones tecnol\u00f3gicas a medida. Aumenta tus beneficios, fomenta mayores ventas medias y saca m\u00e1s partido al turismo de compras gracias al servicio epay Tax Free.<\/p>\n<\/div>\n<p><p>\n        <a href=\"https:\/\/epaytaxfree.com\/es\/area-del-comerciante\/\">M\u00e1s detalles<\/a>\n    <\/p>\n<\/p>\n<h2>Potencia tu Experiencia Tax Free con<br \/>#epayTaxFree<\/h2>\n<p><p>\n        <a href=\"https:\/\/epaytaxfree.com\/es\/contactanos\/\">Cont\u00e1ctanos<\/a>\n    <\/p>\n<\/p>\n<p><!--more--><br \/>\n<!-- {\"name\":\"Home\",\"type\":\"layout\",\"children\":[{\"type\":\"section\",\"props\":{\"header_transparent_noplaceholder\":true,\"image_position\":\"center-center\",\"padding\":\"none\",\"preserve_color\":false,\"style\":\"default\",\"title_breakpoint\":\"xl\",\"title_position\":\"top-left\",\"title_rotation\":\"left\",\"vertical_align\":\"\",\"width\":\"\"},\"children\":[{\"type\":\"row\",\"children\":[{\"type\":\"column\",\"props\":{\"image_position\":\"center-center\",\"position_sticky_breakpoint\":\"m\",\"width_medium\":\"1-1\"},\"children\":[{\"type\":\"slideshow\",\"props\":{\"animation\":\"parallax\",\"content_margin\":\"large\",\"content_style\":\"text-lead\",\"css\":\"@media (max-width: 640px) {\\n    .el-meta {\\n        display: none;\\n    }\\n}\",\"image_loading\":true,\"image_width\":\"1840\",\"link_margin\":\"xlarge\",\"link_size\":\"large\",\"link_style\":\"default\",\"link_text\":\"Read more\",\"margin\":\"remove-vertical\",\"meta_align\":\"below-title\",\"meta_element\":\"div\",\"meta_margin\":\"small\",\"meta_style\":\"h4\",\"nav\":\"\",\"nav_align\":\"center\",\"nav_below\":false,\"nav_breakpoint\":\"s\",\"nav_position\":\"bottom-center\",\"nav_position_margin\":\"medium\",\"overlay_animation\":\"parallax\",\"overlay_position\":\"center\",\"overlay_style\":\"overlay-default\",\"parallax_easing\":\"1\",\"show_content\":true,\"show_link\":true,\"show_meta\":true,\"show_thumbnail\":true,\"show_title\":true,\"slidenav\":\"\",\"slidenav_breakpoint\":\"s\",\"slidenav_margin\":\"medium\",\"slidenav_outside_breakpoint\":\"xl\",\"slideshow_animation\":\"fade\",\"slideshow_autoplay\":true,\"slideshow_autoplay_interval\":\"5\",\"slideshow_autoplay_pause\":true,\"slideshow_box_decoration_inverse\":false,\"slideshow_height\":\"viewport\",\"slideshow_height_offset_top\":true,\"slideshow_min_height\":\"600\",\"text_align\":\"center\",\"text_color\":\"dark\",\"thumbnav_height\":\"75\",\"thumbnav_svg_color\":\"emphasis\",\"thumbnav_width\":\"100\",\"title_element\":\"h3\",\"title_hover_style\":\"reset\",\"title_style\":\"heading-small\"},\"children\":[{\"type\":\"slideshow_item\",\"props\":{\"content\":\"\",\"image\":\"\",\"meta\":\"\",\"title\":\" EMPOWER your Tax Free Experience\"}},{\"type\":\"slideshow_item\",\"props\":{\"content\":\"\",\"image\":\"wp-content\\\/uploads\\\/2023\\\/11\\\/TAX-FREE-SHOPING-Serrano-02.jpg\",\"image_alt\":\"epay tax free\",\"meta\":\"Devoluciones de IVA m\\u00e1s f\\u00e1ciles\",\"title\":\"Potencia tu Experiencia <\\\/br>Tax Free con epay\"}}]}]}]}],\"name\":\"Hero\"},{\"type\":\"section\",\"props\":{\"image_position\":\"center-center\",\"padding\":\"xsmall\",\"style\":\"default\",\"title_breakpoint\":\"xl\",\"title_position\":\"top-left\",\"title_rotation\":\"left\",\"vertical_align\":\"\",\"width\":\"default\"},\"children\":[{\"type\":\"row\",\"props\":{\"column_gap\":\"large\",\"layout\":\"1-2,1-2\",\"margin\":\"large\",\"row_gap\":\"large\"},\"children\":[{\"type\":\"column\",\"props\":{\"image_position\":\"center-center\",\"position_sticky_breakpoint\":\"m\",\"vertical_align\":\"middle\",\"width_small\":\"1-2\"},\"children\":[{\"type\":\"image\",\"props\":{\"animation\":\"parallax\",\"image\":\"wp-content\\\/uploads\\\/2023\\\/11\\\/Tax-Free-Home-Page-Shoopers-06.jpg\",\"image_svg_color\":\"emphasis\",\"image_width\":\"620\",\"margin\":\"default\",\"parallax_easing\":\"1\",\"parallax_y\":\"0,3vh\",\"text_align\":\"center\"}},{\"type\":\"image\",\"props\":{\"animation\":\"parallax\",\"css\":\".el-image {\\n    min-width: 100px;\\n    max-width: 15vw;\\n}\",\"image\":\"\",\"image_svg_color\":\"emphasis\",\"image_width\":\"160\",\"margin\":\"default\",\"parallax_easing\":\"1\",\"parallax_y\":\"0,-5vh\",\"position\":\"absolute\",\"position_left\":\"3vw\",\"position_top\":\"18vw\",\"text_align\":\"right\"}}]},{\"type\":\"column\",\"props\":{\"image_position\":\"center-center\",\"order_first\":\"s\",\"position_sticky_breakpoint\":\"m\",\"vertical_align\":\"middle\",\"width_small\":\"1-2\"},\"children\":[{\"type\":\"headline\",\"props\":{\"block_align\":\"center\",\"content\":\"\\u00bfEres turista de compras?\",\"maxwidth\":\"large\",\"text_align\":\"left\",\"text_align_breakpoint\":\"s\",\"text_align_fallback\":\"center\",\"title_element\":\"h2\",\"title_style\":\"h4\"}},{\"type\":\"text\",\"props\":{\"block_align\":\"center\",\"column_breakpoint\":\"m\",\"content\":\"\n\n<p>Obtener tu Tax Free es muy f\\u00e1cil, solo recuerda que el proceso empieza en el momento de la compra.<\\\/p>\\n\n\n<p>Cuando pagues tus compras, pide al personal de la tienda el documento Tax Free de epay. Recomendamos escanear el c\\u00f3digo QR de cada documento para tenerlo todo al alcance de la mano.<\\\/p>\",\"margin\":\"medium\",\"maxwidth\":\"large\",\"maxwidth_breakpoint\":\"s\",\"text_align\":\"left\"}},{\"type\":\"button\",\"props\":{\"block_align\":\"center\",\"button_size\":\"large\",\"grid_column_gap\":\"small\",\"grid_row_gap\":\"small\",\"margin\":\"default\",\"maxwidth\":\"large\",\"maxwidth_breakpoint\":\"s\",\"text_align\":\"left\",\"text_align_breakpoint\":\"s\",\"text_align_fallback\":\"center\"},\"children\":[{\"type\":\"button_item\",\"props\":{\"button_style\":\"secondary\",\"content\":\"M\\u00e1s detalles\",\"dialog_layout\":\"modal\",\"dialog_offcanvas_flip\":true,\"icon_align\":\"left\",\"link\":\"es\\\/area-del-turista\\\/\"}}]}]}]},{\"type\":\"row\",\"props\":{\"column_gap\":\"large\",\"layout\":\"1-2,1-2\",\"row_gap\":\"large\"},\"children\":[{\"type\":\"column\",\"props\":{\"image_position\":\"center-center\",\"position_sticky_breakpoint\":\"m\",\"width_small\":\"1-2\"},\"children\":[{\"type\":\"image\",\"props\":{\"animation\":\"parallax\",\"image\":\"wp-content\\\/uploads\\\/2023\\\/11\\\/Tax-Free-Merchant-Area-12.jpg\",\"image_svg_color\":\"emphasis\",\"image_width\":\"620\",\"margin\":\"default\",\"parallax_easing\":\"1\",\"parallax_y\":\"0,-3vh\",\"text_align\":\"center\"}}]},{\"type\":\"column\",\"props\":{\"image_position\":\"center-center\",\"position_sticky_breakpoint\":\"m\",\"vertical_align\":\"middle\",\"width_small\":\"1-2\"},\"children\":[{\"type\":\"headline\",\"props\":{\"block_align\":\"center\",\"content\":\"\\u00bfEres un comercio?\",\"maxwidth\":\"large\",\"text_align\":\"left\",\"text_align_breakpoint\":\"s\",\"text_align_fallback\":\"center\",\"title_element\":\"h2\",\"title_style\":\"h4\"}},{\"type\":\"text\",\"props\":{\"block_align\":\"center\",\"column_breakpoint\":\"m\",\"content\":\"\n\n<p>Nos adaptamos a tus necesidades ofreci\\u00e9ndote soluciones tecnol\\u00f3gicas a medida. Aumenta tus beneficios, fomenta mayores ventas medias y saca m\\u00e1s partido al turismo de compras gracias al servicio epay Tax Free.<\\\/p>\",\"margin\":\"medium\",\"maxwidth\":\"large\",\"maxwidth_breakpoint\":\"s\",\"text_align\":\"left\"}},{\"type\":\"button\",\"props\":{\"block_align\":\"center\",\"button_size\":\"large\",\"grid_column_gap\":\"small\",\"grid_row_gap\":\"small\",\"margin\":\"default\",\"maxwidth\":\"large\",\"maxwidth_breakpoint\":\"s\",\"text_align\":\"left\",\"text_align_breakpoint\":\"s\",\"text_align_fallback\":\"center\"},\"children\":[{\"type\":\"button_item\",\"props\":{\"button_style\":\"secondary\",\"content\":\"M\\u00e1s detalles\",\"dialog_layout\":\"modal\",\"dialog_offcanvas_flip\":true,\"icon_align\":\"left\",\"link\":\"es\\\/area-del-comerciante\\\/\"}}]}]}]}],\"name\":\"About\"},{\"type\":\"section\",\"props\":{\"image_position\":\"center-center\",\"overlap\":false,\"padding_remove_bottom\":true,\"padding_remove_top\":true,\"style\":\"default\",\"title_breakpoint\":\"xl\",\"title_position\":\"top-left\",\"title_rotation\":\"left\",\"vertical_align\":\"\",\"width\":\"\"},\"children\":[{\"type\":\"row\",\"children\":[{\"type\":\"column\",\"props\":{\"image\":\"wp-content\\\/uploads\\\/2025\\\/11\\\/epay-TaxFree-Banner-get-in-touch-02.png\",\"image_position\":\"center-center\",\"image_size\":\"cover\",\"position_sticky_breakpoint\":\"m\"},\"children\":[{\"type\":\"headline\",\"props\":{\"content\":\"Potencia tu Experiencia Tax Free con<br \\\/>#epayTaxFree\",\"margin\":\"small\",\"text_align\":\"center\",\"title_element\":\"h2\",\"title_style\":\"h1\"}},{\"name\":\"Button Style Danger\",\"type\":\"button\",\"children\":[{\"type\":\"button_item\",\"props\":{\"button_style\":\"secondary\",\"content\":\"Cont\\u00e1ctanos\",\"dialog_layout\":\"modal\",\"dialog_offcanvas_flip\":true,\"icon_align\":\"left\",\"link\":\"es\\\/contactanos\\\/\"}}],\"props\":{\"button_size\":\"large\",\"grid_column_gap\":\"small\",\"grid_row_gap\":\"small\",\"margin\":\"default\",\"margin_remove_top\":false,\"text_align\":\"center\"}}]}]}],\"name\":\"Get in touch\"}],\"version\":\"4.5.32\"} --><\/p>\n","protected":false},"excerpt":{"rendered":"<p>EMPOWER your Tax Free Experience Potencia tu Experiencia Tax Free con epay Devoluciones de IVA m\u00e1s f\u00e1ciles \u00bfEres turista de compras? Obtener tu Tax Free es muy f\u00e1cil, solo recuerda que el proceso empieza en el momento de la compra. Cuando pagues tus compras, pide al personal de la tienda el documento Tax Free de [&hellip;]<\/p>\n","protected":false},"author":1,"featured_media":10337,"parent":0,"menu_order":2,"comment_status":"open","ping_status":"closed","template":"","meta":{"_acf_changed":false,"footnotes":""},"class_list":["post-11207","page","type-page","status-publish","has-post-thumbnail","hentry"],"acf":[],"yoast_head":"<!-- This site is optimized with the Yoast SEO plugin v26.7 - https:\/\/yoast.com\/wordpress\/plugins\/seo\/ -->\n<title>Home - Epay | Tax Free<\/title>\n<meta name=\"robots\" content=\"index, follow, max-snippet:-1, max-image-preview:large, max-video-preview:-1\" \/>\n<link rel=\"canonical\" href=\"https:\/\/epaytaxfree.com\/es\/\" \/>\n<meta property=\"og:locale\" content=\"es_ES\" \/>\n<meta property=\"og:type\" content=\"article\" \/>\n<meta property=\"og:title\" content=\"Home - Epay | Tax Free\" \/>\n<meta property=\"og:description\" content=\"EMPOWER your Tax Free Experience Potencia tu Experiencia Tax Free con epay Devoluciones de IVA m\u00e1s f\u00e1ciles \u00bfEres turista de compras? Obtener tu Tax Free es muy f\u00e1cil, solo recuerda que el proceso empieza en el momento de la compra. Cuando pagues tus compras, pide al personal de la tienda el documento Tax Free de [&hellip;]\" \/>\n<meta property=\"og:url\" content=\"https:\/\/epaytaxfree.com\/es\/\" \/>\n<meta property=\"og:site_name\" content=\"Epay | Tax Free\" \/>\n<meta property=\"article:modified_time\" content=\"2025-11-27T10:56:07+00:00\" \/>\n<meta property=\"og:image\" content=\"https:\/\/epaytaxfree.com\/wp-content\/uploads\/2024\/02\/epay-TaxFree-logo-linkedin.png\" \/>\n\t<meta property=\"og:image:width\" content=\"500\" \/>\n\t<meta property=\"og:image:height\" content=\"500\" \/>\n\t<meta property=\"og:image:type\" content=\"image\/png\" \/>\n<meta name=\"twitter:card\" content=\"summary_large_image\" \/>\n<meta name=\"twitter:label1\" content=\"Tiempo de lectura\" \/>\n\t<meta name=\"twitter:data1\" content=\"2 minutos\" \/>\n<script type=\"application\/ld+json\" class=\"yoast-schema-graph\">{\"@context\":\"https:\/\/schema.org\",\"@graph\":[{\"@type\":\"WebPage\",\"@id\":\"https:\/\/epaytaxfree.com\/es\/\",\"url\":\"https:\/\/epaytaxfree.com\/es\/\",\"name\":\"Home - Epay | Tax Free\",\"isPartOf\":{\"@id\":\"https:\/\/epaytaxfree.com\/es\/#website\"},\"primaryImageOfPage\":{\"@id\":\"https:\/\/epaytaxfree.com\/es\/#primaryimage\"},\"image\":{\"@id\":\"https:\/\/epaytaxfree.com\/es\/#primaryimage\"},\"thumbnailUrl\":\"https:\/\/epaytaxfree.com\/wp-content\/uploads\/2024\/02\/epay-TaxFree-logo-linkedin.png\",\"datePublished\":\"2019-02-21T14:47:08+00:00\",\"dateModified\":\"2025-11-27T10:56:07+00:00\",\"breadcrumb\":{\"@id\":\"https:\/\/epaytaxfree.com\/es\/#breadcrumb\"},\"inLanguage\":\"es\",\"potentialAction\":[{\"@type\":\"ReadAction\",\"target\":[\"https:\/\/epaytaxfree.com\/es\/\"]}]},{\"@type\":\"ImageObject\",\"inLanguage\":\"es\",\"@id\":\"https:\/\/epaytaxfree.com\/es\/#primaryimage\",\"url\":\"https:\/\/epaytaxfree.com\/wp-content\/uploads\/2024\/02\/epay-TaxFree-logo-linkedin.png\",\"contentUrl\":\"https:\/\/epaytaxfree.com\/wp-content\/uploads\/2024\/02\/epay-TaxFree-logo-linkedin.png\",\"width\":500,\"height\":500},{\"@type\":\"BreadcrumbList\",\"@id\":\"https:\/\/epaytaxfree.com\/es\/#breadcrumb\",\"itemListElement\":[{\"@type\":\"ListItem\",\"position\":1,\"name\":\"Home\",\"item\":\"https:\/\/epaytaxfree.com\/es\/\"},{\"@type\":\"ListItem\",\"position\":2,\"name\":\"Home\"}]},{\"@type\":\"WebSite\",\"@id\":\"https:\/\/epaytaxfree.com\/es\/#website\",\"url\":\"https:\/\/epaytaxfree.com\/es\/\",\"name\":\"Epay | Tax Free\",\"description\":\"\",\"publisher\":{\"@id\":\"https:\/\/epaytaxfree.com\/es\/#organization\"},\"potentialAction\":[{\"@type\":\"SearchAction\",\"target\":{\"@type\":\"EntryPoint\",\"urlTemplate\":\"https:\/\/epaytaxfree.com\/es\/?s={search_term_string}\"},\"query-input\":{\"@type\":\"PropertyValueSpecification\",\"valueRequired\":true,\"valueName\":\"search_term_string\"}}],\"inLanguage\":\"es\"},{\"@type\":\"Organization\",\"@id\":\"https:\/\/epaytaxfree.com\/es\/#organization\",\"name\":\"Epay | Tax Free\",\"url\":\"https:\/\/epaytaxfree.com\/es\/\",\"logo\":{\"@type\":\"ImageObject\",\"inLanguage\":\"es\",\"@id\":\"https:\/\/epaytaxfree.com\/es\/#\/schema\/logo\/image\/\",\"url\":\"https:\/\/epaytaxfree.com\/wp-content\/uploads\/2023\/08\/TaxFree-epay-corporate-digital-RGB.svg\",\"contentUrl\":\"https:\/\/epaytaxfree.com\/wp-content\/uploads\/2023\/08\/TaxFree-epay-corporate-digital-RGB.svg\",\"width\":1,\"height\":1,\"caption\":\"Epay | Tax Free\"},\"image\":{\"@id\":\"https:\/\/epaytaxfree.com\/es\/#\/schema\/logo\/image\/\"},\"sameAs\":[\"https:\/\/www.linkedin.com\/company\/euronet-worldwide\/\"]}]}<\/script>\n<!-- \/ Yoast SEO plugin. -->","yoast_head_json":{"title":"Home - Epay | Tax Free","robots":{"index":"index","follow":"follow","max-snippet":"max-snippet:-1","max-image-preview":"max-image-preview:large","max-video-preview":"max-video-preview:-1"},"canonical":"https:\/\/epaytaxfree.com\/es\/","og_locale":"es_ES","og_type":"article","og_title":"Home - Epay | Tax Free","og_description":"EMPOWER your Tax Free Experience Potencia tu Experiencia Tax Free con epay Devoluciones de IVA m\u00e1s f\u00e1ciles \u00bfEres turista de compras? Obtener tu Tax Free es muy f\u00e1cil, solo recuerda que el proceso empieza en el momento de la compra. Cuando pagues tus compras, pide al personal de la tienda el documento Tax Free de [&hellip;]","og_url":"https:\/\/epaytaxfree.com\/es\/","og_site_name":"Epay | Tax Free","article_modified_time":"2025-11-27T10:56:07+00:00","og_image":[{"width":500,"height":500,"url":"https:\/\/epaytaxfree.com\/wp-content\/uploads\/2024\/02\/epay-TaxFree-logo-linkedin.png","type":"image\/png"}],"twitter_card":"summary_large_image","twitter_misc":{"Tiempo de lectura":"2 minutos"},"schema":{"@context":"https:\/\/schema.org","@graph":[{"@type":"WebPage","@id":"https:\/\/epaytaxfree.com\/es\/","url":"https:\/\/epaytaxfree.com\/es\/","name":"Home - Epay | Tax Free","isPartOf":{"@id":"https:\/\/epaytaxfree.com\/es\/#website"},"primaryImageOfPage":{"@id":"https:\/\/epaytaxfree.com\/es\/#primaryimage"},"image":{"@id":"https:\/\/epaytaxfree.com\/es\/#primaryimage"},"thumbnailUrl":"https:\/\/epaytaxfree.com\/wp-content\/uploads\/2024\/02\/epay-TaxFree-logo-linkedin.png","datePublished":"2019-02-21T14:47:08+00:00","dateModified":"2025-11-27T10:56:07+00:00","breadcrumb":{"@id":"https:\/\/epaytaxfree.com\/es\/#breadcrumb"},"inLanguage":"es","potentialAction":[{"@type":"ReadAction","target":["https:\/\/epaytaxfree.com\/es\/"]}]},{"@type":"ImageObject","inLanguage":"es","@id":"https:\/\/epaytaxfree.com\/es\/#primaryimage","url":"https:\/\/epaytaxfree.com\/wp-content\/uploads\/2024\/02\/epay-TaxFree-logo-linkedin.png","contentUrl":"https:\/\/epaytaxfree.com\/wp-content\/uploads\/2024\/02\/epay-TaxFree-logo-linkedin.png","width":500,"height":500},{"@type":"BreadcrumbList","@id":"https:\/\/epaytaxfree.com\/es\/#breadcrumb","itemListElement":[{"@type":"ListItem","position":1,"name":"Home","item":"https:\/\/epaytaxfree.com\/es\/"},{"@type":"ListItem","position":2,"name":"Home"}]},{"@type":"WebSite","@id":"https:\/\/epaytaxfree.com\/es\/#website","url":"https:\/\/epaytaxfree.com\/es\/","name":"Epay | Tax Free","description":"","publisher":{"@id":"https:\/\/epaytaxfree.com\/es\/#organization"},"potentialAction":[{"@type":"SearchAction","target":{"@type":"EntryPoint","urlTemplate":"https:\/\/epaytaxfree.com\/es\/?s={search_term_string}"},"query-input":{"@type":"PropertyValueSpecification","valueRequired":true,"valueName":"search_term_string"}}],"inLanguage":"es"},{"@type":"Organization","@id":"https:\/\/epaytaxfree.com\/es\/#organization","name":"Epay | Tax Free","url":"https:\/\/epaytaxfree.com\/es\/","logo":{"@type":"ImageObject","inLanguage":"es","@id":"https:\/\/epaytaxfree.com\/es\/#\/schema\/logo\/image\/","url":"https:\/\/epaytaxfree.com\/wp-content\/uploads\/2023\/08\/TaxFree-epay-corporate-digital-RGB.svg","contentUrl":"https:\/\/epaytaxfree.com\/wp-content\/uploads\/2023\/08\/TaxFree-epay-corporate-digital-RGB.svg","width":1,"height":1,"caption":"Epay | Tax Free"},"image":{"@id":"https:\/\/epaytaxfree.com\/es\/#\/schema\/logo\/image\/"},"sameAs":["https:\/\/www.linkedin.com\/company\/euronet-worldwide\/"]}]}},"_links":{"self":[{"href":"https:\/\/epaytaxfree.com\/es\/wp-json\/wp\/v2\/pages\/11207","targetHints":{"allow":["GET"]}}],"collection":[{"href":"https:\/\/epaytaxfree.com\/es\/wp-json\/wp\/v2\/pages"}],"about":[{"href":"https:\/\/epaytaxfree.com\/es\/wp-json\/wp\/v2\/types\/page"}],"author":[{"embeddable":true,"href":"https:\/\/epaytaxfree.com\/es\/wp-json\/wp\/v2\/users\/1"}],"replies":[{"embeddable":true,"href":"https:\/\/epaytaxfree.com\/es\/wp-json\/wp\/v2\/comments?post=11207"}],"version-history":[{"count":20,"href":"https:\/\/epaytaxfree.com\/es\/wp-json\/wp\/v2\/pages\/11207\/revisions"}],"predecessor-version":[{"id":12249,"href":"https:\/\/epaytaxfree.com\/es\/wp-json\/wp\/v2\/pages\/11207\/revisions\/12249"}],"wp:featuredmedia":[{"embeddable":true,"href":"https:\/\/epaytaxfree.com\/es\/wp-json\/wp\/v2\/media\/10337"}],"wp:attachment":[{"href":"https:\/\/epaytaxfree.com\/es\/wp-json\/wp\/v2\/media?parent=11207"}],"curies":[{"name":"wp","href":"https:\/\/api.w.org\/{rel}","templated":true}]}}