{"id":10811,"date":"2019-02-21T14:47:08","date_gmt":"2019-02-21T14:47:08","guid":{"rendered":"https:\/\/epaytaxfree.com\/about\/"},"modified":"2025-11-27T11:03:08","modified_gmt":"2025-11-27T11:03:08","slug":"acerca-de-nosotros","status":"publish","type":"page","link":"https:\/\/epaytaxfree.com\/es\/acerca-de-nosotros\/","title":{"rendered":"Acerca de nosotros"},"content":{"rendered":"<div>\n<p>    <img decoding=\"async\" src=\"\/wp-content\/uploads\/2023\/11\/Tax-Free-Integrated-POS-03.jpg\" alt=\"\"><\/p>\n<h2>Impulsamos los pagos del futuro<\/h2>\n<p>Excelencia en tecnolog\u00eda de pagos<\/p>\n<div>\n<p>epay Tax Free es un servicio de Euronet Merchant Services<\/p>\n<\/div>\n<\/div>\n<h1>\n<h2>Euronet, proveedor mundial de servicios de pago, ofrece al sector minorista soluciones personalizadas para cada negocio.<\/h2>\n<\/h1>\n<p><img decoding=\"async\" src=\"\/wp-content\/uploads\/2023\/10\/about-right-orange-01.svg\" alt=\"\"><\/p>\n<div>\n<p>epay Tax Free es un servicio de Euronet Merchant Services, que es un segmento de Euronet (NASDAQ: EEFT), proveedor l\u00edder de soluciones de tecnolog\u00eda financiera y pagos.<\/p>\n<p>Con 30 a\u00f1os de experiencia, Euronet mueve ahora el dinero de todas las formas de las que dependen los consumidores y las empresas.\u00a0<\/p>\n<p>Entre ellos se incluyen Tax Free, transferencias de dinero, procesamiento de cr\u00e9dito\/d\u00e9bito, cajeros autom\u00e1ticos, servicios de punto de venta, pagos de marca, cambio de divisas y mucho m\u00e1s.<\/p>\n<p>Puede familiarizarse con los productos y servicios de Euronet que se ofrecen actualmente en m\u00e1s de 200 pa\u00edses y territorios en\u00a0<a aria-label=\"Link www.euronetworldwide.com\" title=\"http:\/\/www.euronetworldwide.com\/\" href=\"http:\/\/www.euronetworldwide.com\/\" rel=\"noreferrer noopener\" target=\"_blank\" class=\"fui-Link ___10kug0w f3rmtva f1ewtqcl fyind8e f1k6fduh f1w7gpdv fk6fouc fjoy568 figsok6 f1hu3pq6 f11qmguv f19f4twv f1tyq0we f1g0x7ka fhxju0i f1qch9an f1cnd47f fqv5qza f1vmzxwi f1o700av f13mvf36 f1cmlufx f9n3di6 f1ids18y f1tx3yz7 f1deo86v f1eh06m1 f1iescvh fhgqx19 f1olyrje f1p93eir f1nev41a f1h8hb77 f1lqvz6u f10aw75t fsle3fq f17ae5zn\">www.euronetworldwide.com<\/a>.<\/p>\n<\/div>\n<p><p>\n        <a href=\"https:\/\/www.euronetworldwide.com\/\">Euronet Web Global<\/a>\n    <\/p>\n<\/p>\n<h2>\n<p>Conoce mejor a Euronet Merchant Service<\/p>\n<\/h2>\n<div>\n<p>Con Euronet Merchant Services, ofrecemos soluciones de pago y adquisici\u00f3n de vanguardia para llevar su negocio al siguiente nivel y dar servicio a clientes de todo el mundo.<\/p>\n<\/div>\n<ul>\n<li>\n<p>        <img decoding=\"async\" src=\"\/wp-content\/uploads\/2023\/10\/Tax-Free-paymets-01.png\" alt=\"\"><\/p>\n<h3>Payment Solutions<\/h3>\n<p>Euronet Merchant Services<\/p>\n<div>\n<h5>Con tecnolog\u00eda propia de vanguardia, ofrecemos soluciones de pago a trav\u00e9s de m\u00faltiples canales bajo una plataforma unificada. Conectamos el mundo f\u00edsico y digital del comercio y los negocios.<\/h5>\n<\/div>\n<p><a href=\"https:\/\/epaymerchantservices.es\/\">DESCUBRA M\u00c1S<\/a><\/p>\n<\/li>\n<li>\n<p>        <img decoding=\"async\" src=\"\/wp-content\/uploads\/2023\/11\/Tax-Free-Value-Add-01.jpg\" alt=\"\"><\/p>\n<h3>Sevicio con valor a\u00f1adido<\/h3>\n<p>Grupo Euronet<\/p>\n<div>\n<h5>Gracias a nuestras asociaciones mundiales, ofrecemos acceso a contenidos digitales en su terminal de pago. Adem\u00e1s, con nuestra amplia red de cajeros autom\u00e1ticos, garantizamos el acceso al efectivo tanto a residentes como a viajeros en toda Europa.<\/h5>\n<\/div>\n<p><a href=\"https:\/\/www.euronetworldwide.com\/\">DESCUBRE M\u00c1S<\/a><\/p>\n<\/li>\n<\/ul>\n<h2>Potencia tu Experiencia Tax Free con<br \/>#epayTaxFree<\/h2>\n<p><p>\n        <a href=\"https:\/\/epaytaxfree.com\/es\/contactanos\/\">Cont\u00e1ctanos<\/a>\n    <\/p>\n<\/p>\n<p><!--more--><br \/>\n<!-- {\"name\":\"About\",\"type\":\"layout\",\"children\":[{\"type\":\"section\",\"props\":{\"header_transparent\":true,\"header_transparent_noplaceholder\":false,\"header_transparent_text_color\":\"dark\",\"image_position\":\"center-center\",\"padding\":\"none\",\"padding_remove_top\":false,\"style\":\"default\",\"title_breakpoint\":\"xl\",\"title_position\":\"top-left\",\"title_rotation\":\"left\",\"vertical_align\":\"\",\"width\":\"\"},\"children\":[{\"type\":\"row\",\"children\":[{\"type\":\"column\",\"props\":{\"image_position\":\"center-center\",\"position_sticky_breakpoint\":\"m\",\"width_medium\":\"1-1\"},\"children\":[{\"type\":\"slideshow\",\"props\":{\"image_loading\":true,\"image_width\":\"2560\",\"link_margin\":\"medium\",\"link_style\":\"secondary\",\"link_text\":\"Read more\",\"margin\":\"default\",\"meta_align\":\"above-title\",\"meta_color\":\"emphasis\",\"meta_element\":\"div\",\"meta_style\":\"text-meta\",\"nav\":\"dotnav\",\"nav_align\":\"center\",\"nav_breakpoint\":\"s\",\"nav_position\":\"bottom-center\",\"nav_position_margin\":\"medium\",\"overlay_animation\":\"parallax\",\"overlay_container\":\"default\",\"overlay_position\":\"center-left\",\"overlay_style\":\"overlay-default\",\"overlay_width\":\"large\",\"show_content\":true,\"show_link\":true,\"show_meta\":true,\"show_thumbnail\":true,\"show_title\":true,\"slidenav\":\"default\",\"slidenav_breakpoint\":\"m\",\"slidenav_large\":true,\"slidenav_margin\":\"large\",\"slidenav_outside_breakpoint\":\"xl\",\"slideshow_autoplay_pause\":true,\"slideshow_min_height\":\"500\",\"slideshow_ratio\":\"2560:900\",\"text_color\":\"dark\",\"thumbnav_height\":\"75\",\"thumbnav_svg_color\":\"emphasis\",\"thumbnav_width\":\"100\",\"title_element\":\"h2\",\"title_hover_style\":\"reset\",\"title_style\":\"h1\"},\"children\":[{\"type\":\"slideshow_item\",\"props\":{\"content\":\"\n\n<p>epay Tax Free es un servicio de Euronet Merchant Services<\\\/p>\",\"image\":\"wp-content\\\/uploads\\\/2023\\\/11\\\/Tax-Free-Integrated-POS-03.jpg\",\"item_element\":\"article\",\"meta\":\"Excelencia en tecnolog\\u00eda de pagos\",\"text_color\":\"dark\",\"title\":\"Impulsamos los pagos del futuro\"}}]}]}]}],\"name\":\"Hero Featured Posts\"},{\"type\":\"section\",\"props\":{\"animation\":\"fade\",\"animation_delay\":false,\"header_transparent\":true,\"header_transparent_text_color\":\"dark\",\"image_effect\":\"parallax\",\"image_parallax_bgy\":\"0,-600\",\"image_parallax_easing\":\"1\",\"image_position\":\"top-right\",\"padding\":\"small\",\"padding_remove_bottom\":false,\"style\":\"default\",\"title_breakpoint\":\"xl\",\"title_position\":\"top-left\",\"title_rotation\":\"left\",\"vertical_align\":\"\",\"width\":\"xlarge\"},\"children\":[{\"type\":\"row\",\"props\":{\"layout\":\"3-4,1-4\",\"margin\":\"xlarge\"},\"children\":[{\"type\":\"column\",\"props\":{\"image_position\":\"center-center\",\"position_sticky_breakpoint\":\"m\",\"width_small\":\"3-4\"},\"children\":[{\"type\":\"headline\",\"props\":{\"content\":\"\n\n<h2>Euronet, proveedor mundial de servicios de pago, ofrece al sector minorista soluciones personalizadas para cada negocio.<\\\/h2>\",\"position\":\"relative\",\"position_z_index\":\"3\",\"title_element\":\"h1\",\"title_style\":\"heading-small\"}}]},{\"type\":\"column\",\"props\":{\"image_position\":\"center-center\",\"position_sticky_breakpoint\":\"m\",\"width_small\":\"1-4\"},\"children\":[{\"type\":\"image\",\"props\":{\"animation\":\"parallax\",\"css\":\".el-image { max-width: 45vw; }\",\"image\":\"wp-content\\\/uploads\\\/2023\\\/10\\\/about-right-orange-01.svg\",\"image_loading\":true,\"image_svg_color\":\"emphasis\",\"margin\":\"default\",\"parallax_easing\":\"0.5\",\"parallax_y\":\"5vh,-7vh\",\"position\":\"absolute\",\"position_right\":\"-80\",\"position_top\":\"-10vh\",\"position_z_index\":\"0\",\"text_align\":\"right\"}}]}]},{\"type\":\"row\",\"props\":{\"layout\":\"2-3,1-3\"},\"children\":[{\"type\":\"column\",\"props\":{\"image_position\":\"center-center\",\"position_sticky_breakpoint\":\"m\",\"width_medium\":\"2-3\"},\"children\":[{\"type\":\"text\",\"props\":{\"column\":\"1-2\",\"column_breakpoint\":\"m\",\"content\":\"\n\n<p>epay Tax Free es un servicio de Euronet Merchant Services, que es un segmento de Euronet (NASDAQ: EEFT), proveedor l\\u00edder de soluciones de tecnolog\\u00eda financiera y pagos.<\\\/p>\\n\n\n<p>Con 30 a\\u00f1os de experiencia, Euronet mueve ahora el dinero de todas las formas de las que dependen los consumidores y las empresas.\\u00a0<\\\/p>\\n\n\n<p>Entre ellos se incluyen Tax Free, transferencias de dinero, procesamiento de cr\\u00e9dito\\\/d\\u00e9bito, cajeros autom\\u00e1ticos, servicios de punto de venta, pagos de marca, cambio de divisas y mucho m\\u00e1s.<\\\/p>\\n\n\n<p>Puede familiarizarse con los productos y servicios de Euronet que se ofrecen actualmente en m\\u00e1s de 200 pa\\u00edses y territorios en\\u00a0<a aria-label=\\\"Link www.euronetworldwide.com\\\" title=\\\"http:\\\/\\\/www.euronetworldwide.com\\\/\\\" href=\\\"http:\\\/\\\/www.euronetworldwide.com\\\/\\\" rel=\\\"noreferrer noopener\\\" target=\\\"_blank\\\" class=\\\"fui-Link ___10kug0w f3rmtva f1ewtqcl fyind8e f1k6fduh f1w7gpdv fk6fouc fjoy568 figsok6 f1hu3pq6 f11qmguv f19f4twv f1tyq0we f1g0x7ka fhxju0i f1qch9an f1cnd47f fqv5qza f1vmzxwi f1o700av f13mvf36 f1cmlufx f9n3di6 f1ids18y f1tx3yz7 f1deo86v f1eh06m1 f1iescvh fhgqx19 f1olyrje f1p93eir f1nev41a f1h8hb77 f1lqvz6u f10aw75t fsle3fq f17ae5zn\\\">www.euronetworldwide.com<\\\/a>.<\\\/p>\",\"margin\":\"default\",\"position\":\"relative\"}}]},{\"type\":\"column\",\"props\":{\"image_position\":\"center-center\",\"position_sticky_breakpoint\":\"m\",\"width_medium\":\"1-3\"}}]},{\"type\":\"row\",\"props\":{\"layout\":\"1-2,1-2\"},\"children\":[{\"type\":\"column\",\"props\":{\"image_position\":\"center-center\",\"position_sticky_breakpoint\":\"m\",\"width_medium\":\"1-2\"},\"children\":[{\"type\":\"button\",\"props\":{\"grid_column_gap\":\"small\",\"grid_row_gap\":\"small\",\"margin\":\"default\"},\"children\":[{\"type\":\"button_item\",\"props\":{\"button_style\":\"secondary\",\"content\":\"Euronet Web Global\",\"dialog_layout\":\"modal\",\"dialog_offcanvas_flip\":true,\"icon_align\":\"left\",\"link\":\"https:\\\/\\\/www.euronetworldwide.com\\\/\",\"link_target\":\"blank\"}}]}]},{\"type\":\"column\",\"props\":{\"image_position\":\"center-center\",\"position_sticky_breakpoint\":\"m\",\"width_medium\":\"1-2\"}}]}],\"name\":\"About\"},{\"type\":\"section\",\"props\":{\"image_position\":\"center-center\",\"padding\":\"small\",\"style\":\"muted\",\"title_breakpoint\":\"xl\",\"title_position\":\"top-left\",\"title_rotation\":\"left\",\"vertical_align\":\"\",\"width\":\"large\"},\"children\":[{\"type\":\"row\",\"props\":{\"layout\":\"1-3,2-3\"},\"children\":[{\"type\":\"column\",\"props\":{\"image_position\":\"center-center\",\"position_sticky_breakpoint\":\"m\",\"vertical_align\":\"middle\",\"width_medium\":\"1-3\"},\"children\":[{\"type\":\"headline\",\"props\":{\"content\":\"\n\n<p>Conoce mejor a Euronet Merchant Service<\\\/p>\",\"maxwidth\":\"medium\",\"maxwidth_breakpoint\":\"m\",\"title_element\":\"h2\"}},{\"type\":\"text\",\"props\":{\"column_breakpoint\":\"m\",\"content\":\"\n\n<p>Con Euronet Merchant Services, ofrecemos soluciones de pago y adquisici\\u00f3n de vanguardia para llevar su negocio al siguiente nivel y dar servicio a clientes de todo el mundo.<\\\/p>\",\"margin\":\"default\",\"maxwidth\":\"medium\",\"maxwidth_breakpoint\":\"m\"}}]},{\"type\":\"column\",\"props\":{\"image_position\":\"center-center\",\"position_sticky_breakpoint\":\"m\",\"width_medium\":\"2-3\"},\"children\":[{\"type\":\"grid\",\"props\":{\"content_column_breakpoint\":\"m\",\"content_margin\":\"small\",\"content_style\":\"text-meta\",\"filter_align\":\"left\",\"filter_all\":true,\"filter_grid_breakpoint\":\"m\",\"filter_grid_width\":\"auto\",\"filter_position\":\"top\",\"filter_style\":\"tab\",\"grid_default\":\"1\",\"grid_medium\":\"\",\"grid_small\":\"2\",\"icon_width\":80,\"image_align\":\"top\",\"image_grid_breakpoint\":\"m\",\"image_grid_width\":\"1-2\",\"image_loading\":true,\"image_svg_color\":\"emphasis\",\"image_width\":\"610\",\"item_animation\":true,\"lightbox_bg_close\":true,\"link_style\":\"secondary\",\"link_text\":\"Read more\",\"margin\":\"default\",\"meta_align\":\"below-title\",\"meta_color\":\"danger\",\"meta_element\":\"div\",\"meta_style\":\"text-meta\",\"panel_image_no_padding\":true,\"panel_padding\":\"default\",\"panel_style\":\"card-default\",\"parallax_easing\":\"1\",\"show_content\":true,\"show_hover_image\":true,\"show_hover_video\":true,\"show_image\":true,\"show_link\":true,\"show_meta\":true,\"show_title\":true,\"show_video\":true,\"title_align\":\"top\",\"title_element\":\"h3\",\"title_grid_breakpoint\":\"m\",\"title_grid_width\":\"1-2\",\"title_hover_style\":\"reset\",\"title_style\":\"h4\"},\"children\":[{\"type\":\"grid_item\",\"props\":{\"content\":\"\n\n<h5>Con tecnolog\\u00eda propia de vanguardia, ofrecemos soluciones de pago a trav\\u00e9s de m\\u00faltiples canales bajo una plataforma unificada. Conectamos el mundo f\\u00edsico y digital del comercio y los negocios.<\\\/h5>\",\"image\":\"wp-content\\\/uploads\\\/2023\\\/10\\\/Tax-Free-paymets-01.png\",\"link\":\"https:\\\/\\\/epaymerchantservices.es\\\/\",\"link_text\":\"DESCUBRA M\\u00c1S\",\"meta\":\"Euronet Merchant Services\",\"title\":\"Payment Solutions\"}},{\"type\":\"grid_item\",\"props\":{\"content\":\"\n\n<h5>Gracias a nuestras asociaciones mundiales, ofrecemos acceso a contenidos digitales en su terminal de pago. Adem\\u00e1s, con nuestra amplia red de cajeros autom\\u00e1ticos, garantizamos el acceso al efectivo tanto a residentes como a viajeros en toda Europa.<\\\/h5>\",\"image\":\"wp-content\\\/uploads\\\/2023\\\/11\\\/Tax-Free-Value-Add-01.jpg\",\"link\":\"https:\\\/\\\/www.euronetworldwide.com\\\/\",\"link_text\":\"DESCUBRE M\\u00c1S\",\"meta\":\"Grupo Euronet\",\"title\":\"Sevicio con valor a\\u00f1adido\"}}]}]}]}],\"name\":\"epay Tax Free Solutions\"},{\"type\":\"section\",\"props\":{\"image_position\":\"center-center\",\"overlap\":false,\"padding_remove_bottom\":true,\"padding_remove_top\":true,\"style\":\"default\",\"title_breakpoint\":\"xl\",\"title_position\":\"top-left\",\"title_rotation\":\"left\",\"vertical_align\":\"\",\"width\":\"\"},\"children\":[{\"type\":\"row\",\"children\":[{\"type\":\"column\",\"props\":{\"image\":\"wp-content\\\/uploads\\\/2025\\\/11\\\/epay-TaxFree-Banner-get-in-touch-02.png\",\"image_position\":\"center-center\",\"image_size\":\"cover\",\"position_sticky_breakpoint\":\"m\"},\"children\":[{\"type\":\"headline\",\"props\":{\"content\":\"Potencia tu Experiencia Tax Free con<br \\\/>#epayTaxFree\",\"margin\":\"small\",\"text_align\":\"center\",\"title_element\":\"h2\",\"title_style\":\"h1\"}},{\"name\":\"Button Style Danger\",\"type\":\"button\",\"children\":[{\"type\":\"button_item\",\"props\":{\"button_style\":\"secondary\",\"content\":\"Cont\\u00e1ctanos\",\"dialog_layout\":\"modal\",\"dialog_offcanvas_flip\":true,\"icon_align\":\"left\",\"link\":\"es\\\/contactanos\\\/\"}}],\"props\":{\"button_size\":\"large\",\"grid_column_gap\":\"small\",\"grid_row_gap\":\"small\",\"margin\":\"default\",\"margin_remove_top\":false,\"text_align\":\"center\"}}]}]}],\"name\":\"Get in touch\"}],\"version\":\"4.5.32\"} --><\/p>\n","protected":false},"excerpt":{"rendered":"<p>Impulsamos los pagos del futuro Excelencia en tecnolog\u00eda de pagos epay Tax Free es un servicio de Euronet Merchant Services Euronet, proveedor mundial de servicios de pago, ofrece al sector minorista soluciones personalizadas para cada negocio. epay Tax Free es un servicio de Euronet Merchant Services, que es un segmento de Euronet (NASDAQ: EEFT), proveedor [&hellip;]<\/p>\n","protected":false},"author":1,"featured_media":0,"parent":0,"menu_order":5,"comment_status":"open","ping_status":"closed","template":"","meta":{"_acf_changed":false,"footnotes":""},"class_list":["post-10811","page","type-page","status-publish","hentry"],"acf":[],"yoast_head":"<!-- This site is optimized with the Yoast SEO plugin v26.7 - https:\/\/yoast.com\/wordpress\/plugins\/seo\/ -->\n<title>Acerca de nosotros - Epay | Tax Free<\/title>\n<meta name=\"robots\" content=\"index, follow, max-snippet:-1, max-image-preview:large, max-video-preview:-1\" \/>\n<link rel=\"canonical\" href=\"https:\/\/epaytaxfree.com\/es\/acerca-de-nosotros\/\" \/>\n<meta property=\"og:locale\" content=\"es_ES\" \/>\n<meta property=\"og:type\" content=\"article\" \/>\n<meta property=\"og:title\" content=\"Acerca de nosotros - Epay | Tax Free\" \/>\n<meta property=\"og:description\" content=\"Impulsamos los pagos del futuro Excelencia en tecnolog\u00eda de pagos epay Tax Free es un servicio de Euronet Merchant Services Euronet, proveedor mundial de servicios de pago, ofrece al sector minorista soluciones personalizadas para cada negocio. epay Tax Free es un servicio de Euronet Merchant Services, que es un segmento de Euronet (NASDAQ: EEFT), proveedor [&hellip;]\" \/>\n<meta property=\"og:url\" content=\"https:\/\/epaytaxfree.com\/es\/acerca-de-nosotros\/\" \/>\n<meta property=\"og:site_name\" content=\"Epay | Tax Free\" \/>\n<meta property=\"article:modified_time\" content=\"2025-11-27T11:03:08+00:00\" \/>\n<meta property=\"og:image\" content=\"https:\/\/epaytaxfree.com\/wp-content\/uploads\/2024\/02\/epay-TaxFree-logo-linkedin.png\" \/>\n\t<meta property=\"og:image:width\" content=\"500\" \/>\n\t<meta property=\"og:image:height\" content=\"500\" \/>\n\t<meta property=\"og:image:type\" content=\"image\/png\" \/>\n<meta name=\"twitter:card\" content=\"summary_large_image\" \/>\n<meta name=\"twitter:label1\" content=\"Tiempo de lectura\" \/>\n\t<meta name=\"twitter:data1\" content=\"2 minutos\" \/>\n<script type=\"application\/ld+json\" class=\"yoast-schema-graph\">{\"@context\":\"https:\/\/schema.org\",\"@graph\":[{\"@type\":\"WebPage\",\"@id\":\"https:\/\/epaytaxfree.com\/es\/acerca-de-nosotros\/\",\"url\":\"https:\/\/epaytaxfree.com\/es\/acerca-de-nosotros\/\",\"name\":\"Acerca de nosotros - Epay | Tax Free\",\"isPartOf\":{\"@id\":\"https:\/\/epaytaxfree.com\/es\/#website\"},\"datePublished\":\"2019-02-21T14:47:08+00:00\",\"dateModified\":\"2025-11-27T11:03:08+00:00\",\"breadcrumb\":{\"@id\":\"https:\/\/epaytaxfree.com\/es\/acerca-de-nosotros\/#breadcrumb\"},\"inLanguage\":\"es\",\"potentialAction\":[{\"@type\":\"ReadAction\",\"target\":[\"https:\/\/epaytaxfree.com\/es\/acerca-de-nosotros\/\"]}]},{\"@type\":\"BreadcrumbList\",\"@id\":\"https:\/\/epaytaxfree.com\/es\/acerca-de-nosotros\/#breadcrumb\",\"itemListElement\":[{\"@type\":\"ListItem\",\"position\":1,\"name\":\"Home\",\"item\":\"https:\/\/epaytaxfree.com\/es\/\"},{\"@type\":\"ListItem\",\"position\":2,\"name\":\"Acerca de nosotros\"}]},{\"@type\":\"WebSite\",\"@id\":\"https:\/\/epaytaxfree.com\/es\/#website\",\"url\":\"https:\/\/epaytaxfree.com\/es\/\",\"name\":\"Epay | Tax Free\",\"description\":\"\",\"publisher\":{\"@id\":\"https:\/\/epaytaxfree.com\/es\/#organization\"},\"potentialAction\":[{\"@type\":\"SearchAction\",\"target\":{\"@type\":\"EntryPoint\",\"urlTemplate\":\"https:\/\/epaytaxfree.com\/es\/?s={search_term_string}\"},\"query-input\":{\"@type\":\"PropertyValueSpecification\",\"valueRequired\":true,\"valueName\":\"search_term_string\"}}],\"inLanguage\":\"es\"},{\"@type\":\"Organization\",\"@id\":\"https:\/\/epaytaxfree.com\/es\/#organization\",\"name\":\"Epay | Tax Free\",\"url\":\"https:\/\/epaytaxfree.com\/es\/\",\"logo\":{\"@type\":\"ImageObject\",\"inLanguage\":\"es\",\"@id\":\"https:\/\/epaytaxfree.com\/es\/#\/schema\/logo\/image\/\",\"url\":\"https:\/\/epaytaxfree.com\/wp-content\/uploads\/2023\/08\/TaxFree-epay-corporate-digital-RGB.svg\",\"contentUrl\":\"https:\/\/epaytaxfree.com\/wp-content\/uploads\/2023\/08\/TaxFree-epay-corporate-digital-RGB.svg\",\"width\":1,\"height\":1,\"caption\":\"Epay | Tax Free\"},\"image\":{\"@id\":\"https:\/\/epaytaxfree.com\/es\/#\/schema\/logo\/image\/\"},\"sameAs\":[\"https:\/\/www.linkedin.com\/company\/euronet-worldwide\/\"]}]}<\/script>\n<!-- \/ Yoast SEO plugin. -->","yoast_head_json":{"title":"Acerca de nosotros - Epay | Tax Free","robots":{"index":"index","follow":"follow","max-snippet":"max-snippet:-1","max-image-preview":"max-image-preview:large","max-video-preview":"max-video-preview:-1"},"canonical":"https:\/\/epaytaxfree.com\/es\/acerca-de-nosotros\/","og_locale":"es_ES","og_type":"article","og_title":"Acerca de nosotros - Epay | Tax Free","og_description":"Impulsamos los pagos del futuro Excelencia en tecnolog\u00eda de pagos epay Tax Free es un servicio de Euronet Merchant Services Euronet, proveedor mundial de servicios de pago, ofrece al sector minorista soluciones personalizadas para cada negocio. epay Tax Free es un servicio de Euronet Merchant Services, que es un segmento de Euronet (NASDAQ: EEFT), proveedor [&hellip;]","og_url":"https:\/\/epaytaxfree.com\/es\/acerca-de-nosotros\/","og_site_name":"Epay | Tax Free","article_modified_time":"2025-11-27T11:03:08+00:00","og_image":[{"width":500,"height":500,"url":"https:\/\/epaytaxfree.com\/wp-content\/uploads\/2024\/02\/epay-TaxFree-logo-linkedin.png","type":"image\/png"}],"twitter_card":"summary_large_image","twitter_misc":{"Tiempo de lectura":"2 minutos"},"schema":{"@context":"https:\/\/schema.org","@graph":[{"@type":"WebPage","@id":"https:\/\/epaytaxfree.com\/es\/acerca-de-nosotros\/","url":"https:\/\/epaytaxfree.com\/es\/acerca-de-nosotros\/","name":"Acerca de nosotros - Epay | Tax Free","isPartOf":{"@id":"https:\/\/epaytaxfree.com\/es\/#website"},"datePublished":"2019-02-21T14:47:08+00:00","dateModified":"2025-11-27T11:03:08+00:00","breadcrumb":{"@id":"https:\/\/epaytaxfree.com\/es\/acerca-de-nosotros\/#breadcrumb"},"inLanguage":"es","potentialAction":[{"@type":"ReadAction","target":["https:\/\/epaytaxfree.com\/es\/acerca-de-nosotros\/"]}]},{"@type":"BreadcrumbList","@id":"https:\/\/epaytaxfree.com\/es\/acerca-de-nosotros\/#breadcrumb","itemListElement":[{"@type":"ListItem","position":1,"name":"Home","item":"https:\/\/epaytaxfree.com\/es\/"},{"@type":"ListItem","position":2,"name":"Acerca de nosotros"}]},{"@type":"WebSite","@id":"https:\/\/epaytaxfree.com\/es\/#website","url":"https:\/\/epaytaxfree.com\/es\/","name":"Epay | Tax Free","description":"","publisher":{"@id":"https:\/\/epaytaxfree.com\/es\/#organization"},"potentialAction":[{"@type":"SearchAction","target":{"@type":"EntryPoint","urlTemplate":"https:\/\/epaytaxfree.com\/es\/?s={search_term_string}"},"query-input":{"@type":"PropertyValueSpecification","valueRequired":true,"valueName":"search_term_string"}}],"inLanguage":"es"},{"@type":"Organization","@id":"https:\/\/epaytaxfree.com\/es\/#organization","name":"Epay | Tax Free","url":"https:\/\/epaytaxfree.com\/es\/","logo":{"@type":"ImageObject","inLanguage":"es","@id":"https:\/\/epaytaxfree.com\/es\/#\/schema\/logo\/image\/","url":"https:\/\/epaytaxfree.com\/wp-content\/uploads\/2023\/08\/TaxFree-epay-corporate-digital-RGB.svg","contentUrl":"https:\/\/epaytaxfree.com\/wp-content\/uploads\/2023\/08\/TaxFree-epay-corporate-digital-RGB.svg","width":1,"height":1,"caption":"Epay | Tax Free"},"image":{"@id":"https:\/\/epaytaxfree.com\/es\/#\/schema\/logo\/image\/"},"sameAs":["https:\/\/www.linkedin.com\/company\/euronet-worldwide\/"]}]}},"_links":{"self":[{"href":"https:\/\/epaytaxfree.com\/es\/wp-json\/wp\/v2\/pages\/10811","targetHints":{"allow":["GET"]}}],"collection":[{"href":"https:\/\/epaytaxfree.com\/es\/wp-json\/wp\/v2\/pages"}],"about":[{"href":"https:\/\/epaytaxfree.com\/es\/wp-json\/wp\/v2\/types\/page"}],"author":[{"embeddable":true,"href":"https:\/\/epaytaxfree.com\/es\/wp-json\/wp\/v2\/users\/1"}],"replies":[{"embeddable":true,"href":"https:\/\/epaytaxfree.com\/es\/wp-json\/wp\/v2\/comments?post=10811"}],"version-history":[{"count":22,"href":"https:\/\/epaytaxfree.com\/es\/wp-json\/wp\/v2\/pages\/10811\/revisions"}],"predecessor-version":[{"id":12255,"href":"https:\/\/epaytaxfree.com\/es\/wp-json\/wp\/v2\/pages\/10811\/revisions\/12255"}],"wp:attachment":[{"href":"https:\/\/epaytaxfree.com\/es\/wp-json\/wp\/v2\/media?parent=10811"}],"curies":[{"name":"wp","href":"https:\/\/api.w.org\/{rel}","templated":true}]}}